{"id":6220,"date":"2026-04-08T12:19:29","date_gmt":"2026-04-08T10:19:29","guid":{"rendered":"https:\/\/bartels-conjar.com\/?page_id=6220"},"modified":"2026-04-08T12:36:18","modified_gmt":"2026-04-08T10:36:18","slug":"xsto-zw7170g","status":"publish","type":"page","link":"https:\/\/bartels-conjar.com\/en\/xsto-zw7170g\/","title":{"rendered":"XSTO ZW7170G"},"content":{"rendered":"<section id=\"bt_section69dcba9aad856\"  class=\"boldSection bottomSemiSpaced gutter boxed inherit\" ><div class=\"port\"><div class=\"boldCell\"><div class=\"boldCellInner\"><div class=\"boldRow\" ><div class=\"boldRowInner\"><div class=\"rowItem col-md-12 col-ms-12  btTextLeft\"  data-width=\"12\"><div class=\"rowItemContent\" ><header class=\"header btClear large btDash bottomDash  regular\" ><div class=\"btSuperTitle\"><span>Description<\/span><\/div><div class=\"dash\"><h2><span class=\"headline\">XSTO ZW7170G<\/span><\/h2><\/div><div class=\"btSubTitle\">Jednostavnost kori\u0161tenja penjalice za stepenice<br \/><br>Automatske ko\u010dnice<br \/><br>Pogodno za uska spiralna stubi\u0161ta<br \/><br>Load capacity 170 kg<\/div><\/header><div class=\"btClear btSeparator topSmallSpaced bottomSmallSpaced noBorder\" ><hr><\/div><div class=\"bpgPhoto btDefaultHoverType\" ><div class = \"btImage\"><img decoding=\"async\" src=\"https:\/\/bartels-conjar.com\/wp-content\/uploads\/2026\/04\/1-640x640.jpg\" alt=\"\" title=\"\"><\/div><\/div><div class=\"btClear btSeparator noBorder\" ><hr><\/div><div class=\"btTabs tabsHorizontal\"><ul class=\"tabsHeader\"><li><span>Advantages<\/span><\/li><li><span>Performance<\/span><\/li><li><span>Purpose<\/span><\/li><li><span>Technical characteristics<\/span><\/li><\/ul><div class=\"tabPanes tabPanesTabs\"><div class=\"tabPane\">\n\t\t\t<div class=\"tabAccordionContent\"><div class=\"btText\" ><\/p>\n<ul>\n<li><span dir=\"auto\"><span dir=\"auto\">Ure\u0111aj kombinira jednostavnost kori\u0161tenja penja\u010dice za stepenice s prakti\u010dno\u0161\u0107u svestrane penja\u010dice za stepenice.<\/span><\/span><\/li>\n<li><span dir=\"auto\"><span dir=\"auto\">Mali format omogu\u0107uje upotrebu na ravnim stepenicama, spiralnim stepeni\u0161tima i uskim spiralnim stepeni\u0161tima.<\/span><\/span><\/li>\n<li><span dir=\"auto\"><span dir=\"auto\">Kota\u010di za podizanje automatski detektiraju po\u010detak stubi\u0161ta i dose\u017eu duboko u stepenice kako bi omogu\u0107ili nesmetan transport.<\/span><\/span><\/li>\n<\/ul>\n<p>\n<\/div><\/div>\n\t\t<\/div><div class=\"tabPane\">\n\t\t\t<div class=\"tabAccordionContent\"><div class=\"btText\" ><\/p>\n<ul>\n<li><span dir=\"auto\"><span dir=\"auto\">Load capacity 170 kg<\/span><\/span><\/li>\n<li><span dir=\"auto\"><span dir=\"auto\">Uslugu obavlja jedna osoba<\/span><\/span><\/li>\n<li><span dir=\"auto\"><span dir=\"auto\">Adjustable handle<\/span><\/span><\/li>\n<li><span dir=\"auto\"><span dir=\"auto\">Automatska ko\u010dnica<\/span><\/span><\/li>\n<li><span dir=\"auto\"><span dir=\"auto\">Gumirani kota\u010di za podizanje<\/span><\/span><\/li>\n<li><span dir=\"auto\"><span dir=\"auto\">gume od \u010dvrste gume<\/span><\/span><\/li>\n<li><span dir=\"auto\"><span dir=\"auto\">Litij-ionska baterija\u00a0\u00a0<\/span><\/span><span dir=\"auto\"><span dir=\"auto\">s indikatorom razine napunjenosti<\/span><\/span><\/li>\n<li><span dir=\"auto\"><span dir=\"auto\">Duraluminijum<\/span><\/span><\/li>\n<li><span dir=\"auto\"><span dir=\"auto\">Otporno na pra\u0161inu i prskanje vode prema IP54 standardu<\/span><\/span><\/li>\n<\/ul>\n<p>\n<\/div><\/div>\n\t\t<\/div><div class=\"tabPane\">\n\t\t\t<div class=\"tabAccordionContent\"><div class=\"btText\" ><\/p>\n<p><strong><span dir=\"auto\">Prikladno za:<\/span><\/strong><\/p>\n<ul>\n<li><span dir=\"auto\">Hladnjaci i pe\u0107i na drva<\/span><\/li>\n<li><span dir=\"auto\">role tepiha<\/span><\/li>\n<li><span dir=\"auto\">kopirni aparat<\/span><\/li>\n<li><span dir=\"auto\">i jo\u0161 mnogo toga<\/span><\/li>\n<\/ul>\n<p>\n<\/div><\/div>\n\t\t<\/div><div class=\"tabPane\">\n\t\t\t<div class=\"tabAccordionContent\"><div class=\"btText\" ><\/p>\n<table class=\"woocommerce-product-attributes shop_attributes\">\n<tbody>\n<tr class=\"woocommerce-product-attributes-item woocommerce-product-attributes-item--attribute_nosivost\">\n<th class=\"woocommerce-product-attributes-item__label\">Load capacity<\/th>\n<td class=\"woocommerce-product-attributes-item__value\">170\u00a0kg<\/td>\n<\/tr>\n<tr class=\"woocommerce-product-attributes-item woocommerce-product-attributes-item--attribute_dimenzije\">\n<th class=\"woocommerce-product-attributes-item__label\">Dimensions<\/th>\n<td class=\"woocommerce-product-attributes-item__value\">300 x 550 x 1200 &#8211; 1590<\/td>\n<\/tr>\n<tr class=\"woocommerce-product-attributes-item woocommerce-product-attributes-item--attribute_dimenzije-platforme\">\n<th class=\"woocommerce-product-attributes-item__label\">Brzina penjanja<\/th>\n<td class=\"woocommerce-product-attributes-item__value\">17 ili 34 stepenica\/min<\/td>\n<\/tr>\n<tr class=\"woocommerce-product-attributes-item woocommerce-product-attributes-item--attribute_baterija\">\n<th class=\"woocommerce-product-attributes-item__label\">Buka pri radu<\/th>\n<td class=\"woocommerce-product-attributes-item__value\">manje od 70 dB<\/td>\n<\/tr>\n<tr class=\"woocommerce-product-attributes-item woocommerce-product-attributes-item--attribute_max-nagib-stubi%c5%a1ta\">\n<th class=\"woocommerce-product-attributes-item__label\">Battery<\/th>\n<td class=\"woocommerce-product-attributes-item__value\">48\u00a0 V<\/td>\n<\/tr>\n<tr class=\"woocommerce-product-attributes-item woocommerce-product-attributes-item--attribute_te%c5%beina\">\n<th class=\"woocommerce-product-attributes-item__label\">Charging time<\/th>\n<td class=\"woocommerce-product-attributes-item__value\">2,5 h<\/td>\n<\/tr>\n<tr class=\"woocommerce-product-attributes-item woocommerce-product-attributes-item--attribute_izravnavanje\">\n<th class=\"woocommerce-product-attributes-item__label\">Te\u017eina baterija<\/th>\n<td class=\"woocommerce-product-attributes-item__value\">3kg<\/td>\n<\/tr>\n<tr class=\"woocommerce-product-attributes-item woocommerce-product-attributes-item--attribute_izravnavanje\">\n<th class=\"woocommerce-product-attributes-item__label\">Weight<\/th>\n<td class=\"woocommerce-product-attributes-item__value\">26 kg<\/td>\n<\/tr>\n<\/tbody>\n<\/table>\n<p>\n<\/div><\/div>\n\t\t<\/div><\/div><\/div><\/div><\/div><\/div><\/div><div class=\"boldRow\" ><div class=\"boldRowInner\"><div class=\"rowItem col-md-12 col-ms-12  btTextLeft\"  data-width=\"12\"><div class=\"rowItemContent\" ><div class=\"btClear btSeparator topSmallSpaced bottomSmallSpaced border\" ><hr><\/div><div class=\"btClear btSeparator bottomSmallSpaced noBorder\" ><hr><\/div><\/div><\/div><\/div><\/div><div class=\"boldRow\" ><div class=\"boldRowInner\"><div class=\"rowItem col-md-12 col-ms-12  btTextLeft\"  data-width=\"12\"><div class=\"rowItemContent\" ><header class=\"header btClear large btDash bottomDash  regular\" ><div class=\"dash\"><h2><span class=\"headline\">Gallery<\/span><\/h2><\/div><\/header><div class=\"tilesWall btGridGallery tiled  btGridGap-10 lightbox\" data-col=\"4\"><div class=\"gridSizer\"><\/div><div class=\"gridItem btGhostSliderThumb bt11\" data-order-num=\"-1\"><div class=\"btTileBox\"><div class=\"bpgPhoto\" > \r\n\t\t\t\t\t<a href=\"https:\/\/bartels-conjar.com\/wp-content\/uploads\/2026\/04\/treppensteiger-xsto.jpg\" class=\"lightbox\" data-title=\"\"><\/a>\r\n\t\t\t\t\t<div class=\"boldPhotoBox\"><div class=\"bpbItem\"><div class = \"btImage\"><img decoding=\"async\" src=\"https:\/\/bartels-conjar.com\/wp-content\/uploads\/2026\/04\/treppensteiger-xsto-640x640.jpg\" alt=\"\" title=\"\"><\/div><\/div><\/div>\r\n\t\t\t\t\t<div class=\"captionPane btDarkSkin btTextCenter\">\r\n\t\t\t\t\t\t<div class=\"captionTable\">\r\n\t\t\t\t\t\t\t<div class=\"captionCell\">\r\n\t\t\t\t\t\t\t\t<div class=\"captionTxt\"><\/div>\r\n\t\t\t\t\t\t\t<\/div>\r\n\t\t\t\t\t\t<\/div>\r\n\t\t\t\t\t<\/div><\/div><\/div><\/div><div class=\"gridItem btGhostSliderThumb bt11\" data-order-num=\"0\"><div class=\"btTileBox\"><div class=\"bpgPhoto\" > \r\n\t\t\t\t\t<a href=\"https:\/\/bartels-conjar.com\/wp-content\/uploads\/2026\/04\/treppensteiger-xsto-1.jpg\" class=\"lightbox\" data-title=\"\"><\/a>\r\n\t\t\t\t\t<div class=\"boldPhotoBox\"><div class=\"bpbItem\"><div class = \"btImage\"><img decoding=\"async\" src=\"https:\/\/bartels-conjar.com\/wp-content\/uploads\/2026\/04\/treppensteiger-xsto-1-640x640.jpg\" alt=\"\" title=\"\"><\/div><\/div><\/div>\r\n\t\t\t\t\t<div class=\"captionPane btDarkSkin btTextCenter\">\r\n\t\t\t\t\t\t<div class=\"captionTable\">\r\n\t\t\t\t\t\t\t<div class=\"captionCell\">\r\n\t\t\t\t\t\t\t\t<div class=\"captionTxt\"><\/div>\r\n\t\t\t\t\t\t\t<\/div>\r\n\t\t\t\t\t\t<\/div>\r\n\t\t\t\t\t<\/div><\/div><\/div><\/div><div class=\"gridItem btGhostSliderThumb bt11\" data-order-num=\"1\"><div class=\"btTileBox\"><div class=\"bpgPhoto\" > \r\n\t\t\t\t\t<a href=\"https:\/\/bartels-conjar.com\/wp-content\/uploads\/2026\/04\/treppensteiger-xsto-2.jpg\" class=\"lightbox\" data-title=\"\"><\/a>\r\n\t\t\t\t\t<div class=\"boldPhotoBox\"><div class=\"bpbItem\"><div class = \"btImage\"><img decoding=\"async\" src=\"https:\/\/bartels-conjar.com\/wp-content\/uploads\/2026\/04\/treppensteiger-xsto-2-640x640.jpg\" alt=\"\" title=\"\"><\/div><\/div><\/div>\r\n\t\t\t\t\t<div class=\"captionPane btDarkSkin btTextCenter\">\r\n\t\t\t\t\t\t<div class=\"captionTable\">\r\n\t\t\t\t\t\t\t<div class=\"captionCell\">\r\n\t\t\t\t\t\t\t\t<div class=\"captionTxt\"><\/div>\r\n\t\t\t\t\t\t\t<\/div>\r\n\t\t\t\t\t\t<\/div>\r\n\t\t\t\t\t<\/div><\/div><\/div><\/div><div class=\"gridItem btGhostSliderThumb bt11\" data-order-num=\"2\"><div class=\"btTileBox\"><div class=\"bpgPhoto\" > \r\n\t\t\t\t\t<a href=\"https:\/\/bartels-conjar.com\/wp-content\/uploads\/2026\/04\/treppensteiger-xsto-3.jpg\" class=\"lightbox\" data-title=\"\"><\/a>\r\n\t\t\t\t\t<div class=\"boldPhotoBox\"><div class=\"bpbItem\"><div class = \"btImage\"><img decoding=\"async\" src=\"https:\/\/bartels-conjar.com\/wp-content\/uploads\/2026\/04\/treppensteiger-xsto-3-640x640.jpg\" alt=\"\" title=\"\"><\/div><\/div><\/div>\r\n\t\t\t\t\t<div class=\"captionPane btDarkSkin btTextCenter\">\r\n\t\t\t\t\t\t<div class=\"captionTable\">\r\n\t\t\t\t\t\t\t<div class=\"captionCell\">\r\n\t\t\t\t\t\t\t\t<div class=\"captionTxt\"><\/div>\r\n\t\t\t\t\t\t\t<\/div>\r\n\t\t\t\t\t\t<\/div>\r\n\t\t\t\t\t<\/div><\/div><\/div><\/div><div class=\"gridItem btGhostSliderThumb bt11\" data-order-num=\"3\"><div class=\"btTileBox\"><div class=\"bpgPhoto\" > \r\n\t\t\t\t\t<a href=\"https:\/\/bartels-conjar.com\/wp-content\/uploads\/2026\/04\/treppensteiger-xsto-4.jpg\" class=\"lightbox\" data-title=\"\"><\/a>\r\n\t\t\t\t\t<div class=\"boldPhotoBox\"><div class=\"bpbItem\"><div class = \"btImage\"><img decoding=\"async\" src=\"https:\/\/bartels-conjar.com\/wp-content\/uploads\/2026\/04\/treppensteiger-xsto-4-640x640.jpg\" alt=\"\" title=\"\"><\/div><\/div><\/div>\r\n\t\t\t\t\t<div class=\"captionPane btDarkSkin btTextCenter\">\r\n\t\t\t\t\t\t<div class=\"captionTable\">\r\n\t\t\t\t\t\t\t<div class=\"captionCell\">\r\n\t\t\t\t\t\t\t\t<div class=\"captionTxt\"><\/div>\r\n\t\t\t\t\t\t\t<\/div>\r\n\t\t\t\t\t\t<\/div>\r\n\t\t\t\t\t<\/div><\/div><\/div><\/div><\/div><\/div><\/div><\/div><\/div><\/div><\/div><\/div><\/section>","protected":false},"excerpt":{"rendered":"","protected":false},"author":1,"featured_media":6221,"parent":0,"menu_order":0,"comment_status":"closed","ping_status":"closed","template":"","meta":{"footnotes":""},"class_list":["post-6220","page","type-page","status-publish","has-post-thumbnail","hentry"],"yoast_head":"<!-- This site is optimized with the Yoast SEO plugin v26.9 - https:\/\/yoast.com\/product\/yoast-seo-wordpress\/ -->\n<title>XSTO ZW7170G - Bartels Conjar<\/title>\n<meta name=\"robots\" content=\"index, follow, max-snippet:-1, max-image-preview:large, max-video-preview:-1\" \/>\n<link rel=\"canonical\" href=\"https:\/\/bartels-conjar.com\/en\/xsto-zw7170g\/\" \/>\n<meta property=\"og:locale\" content=\"en_US\" \/>\n<meta property=\"og:type\" content=\"article\" \/>\n<meta property=\"og:title\" content=\"XSTO ZW7170G - Bartels Conjar\" \/>\n<meta property=\"og:url\" content=\"https:\/\/bartels-conjar.com\/en\/xsto-zw7170g\/\" \/>\n<meta property=\"og:site_name\" content=\"Bartels Conjar\" \/>\n<meta property=\"article:publisher\" content=\"https:\/\/www.facebook.com\/BartelsConjar\/\" \/>\n<meta property=\"article:modified_time\" content=\"2026-04-08T10:36:18+00:00\" \/>\n<meta property=\"og:image\" content=\"https:\/\/bartels-conjar.com\/wp-content\/uploads\/2026\/04\/1.jpg\" \/>\n\t<meta property=\"og:image:width\" content=\"1500\" \/>\n\t<meta property=\"og:image:height\" content=\"1500\" \/>\n\t<meta property=\"og:image:type\" content=\"image\/jpeg\" \/>\n<meta name=\"twitter:card\" content=\"summary_large_image\" \/>\n<meta name=\"twitter:label1\" content=\"Est. reading time\" \/>\n\t<meta name=\"twitter:data1\" content=\"3 minutes\" \/>\n<script type=\"application\/ld+json\" class=\"yoast-schema-graph\">{\"@context\":\"https:\/\/schema.org\",\"@graph\":[{\"@type\":\"WebPage\",\"@id\":\"https:\/\/bartels-conjar.com\/xsto-zw7170g\/\",\"url\":\"https:\/\/bartels-conjar.com\/xsto-zw7170g\/\",\"name\":\"XSTO ZW7170G - Bartels Conjar\",\"isPartOf\":{\"@id\":\"https:\/\/bartels-conjar.com\/#website\"},\"primaryImageOfPage\":{\"@id\":\"https:\/\/bartels-conjar.com\/xsto-zw7170g\/#primaryimage\"},\"image\":{\"@id\":\"https:\/\/bartels-conjar.com\/xsto-zw7170g\/#primaryimage\"},\"thumbnailUrl\":\"https:\/\/bartels-conjar.com\/wp-content\/uploads\/2026\/04\/1.jpg\",\"datePublished\":\"2026-04-08T10:19:29+00:00\",\"dateModified\":\"2026-04-08T10:36:18+00:00\",\"breadcrumb\":{\"@id\":\"https:\/\/bartels-conjar.com\/xsto-zw7170g\/#breadcrumb\"},\"inLanguage\":\"en-US\",\"potentialAction\":[{\"@type\":\"ReadAction\",\"target\":[\"https:\/\/bartels-conjar.com\/xsto-zw7170g\/\"]}]},{\"@type\":\"ImageObject\",\"inLanguage\":\"en-US\",\"@id\":\"https:\/\/bartels-conjar.com\/xsto-zw7170g\/#primaryimage\",\"url\":\"https:\/\/bartels-conjar.com\/wp-content\/uploads\/2026\/04\/1.jpg\",\"contentUrl\":\"https:\/\/bartels-conjar.com\/wp-content\/uploads\/2026\/04\/1.jpg\",\"width\":1500,\"height\":1500},{\"@type\":\"BreadcrumbList\",\"@id\":\"https:\/\/bartels-conjar.com\/xsto-zw7170g\/#breadcrumb\",\"itemListElement\":[{\"@type\":\"ListItem\",\"position\":1,\"name\":\"Po\u010detna stranica\",\"item\":\"https:\/\/bartels-conjar.com\/\"},{\"@type\":\"ListItem\",\"position\":2,\"name\":\"XSTO ZW7170G\"}]},{\"@type\":\"WebSite\",\"@id\":\"https:\/\/bartels-conjar.com\/#website\",\"url\":\"https:\/\/bartels-conjar.com\/\",\"name\":\"Bartels Conjar\",\"description\":\"Profesionalac za Va\u0161e skladi\u0161te\",\"publisher\":{\"@id\":\"https:\/\/bartels-conjar.com\/#organization\"},\"potentialAction\":[{\"@type\":\"SearchAction\",\"target\":{\"@type\":\"EntryPoint\",\"urlTemplate\":\"https:\/\/bartels-conjar.com\/?s={search_term_string}\"},\"query-input\":{\"@type\":\"PropertyValueSpecification\",\"valueRequired\":true,\"valueName\":\"search_term_string\"}}],\"inLanguage\":\"en-US\"},{\"@type\":\"Organization\",\"@id\":\"https:\/\/bartels-conjar.com\/#organization\",\"name\":\"Bartels Conjar\",\"url\":\"https:\/\/bartels-conjar.com\/\",\"logo\":{\"@type\":\"ImageObject\",\"inLanguage\":\"en-US\",\"@id\":\"https:\/\/bartels-conjar.com\/#\/schema\/logo\/image\/\",\"url\":\"https:\/\/bartels-conjar.com\/wp-content\/uploads\/2022\/05\/bartels-logo-web.png\",\"contentUrl\":\"https:\/\/bartels-conjar.com\/wp-content\/uploads\/2022\/05\/bartels-logo-web.png\",\"width\":660,\"height\":200,\"caption\":\"Bartels Conjar\"},\"image\":{\"@id\":\"https:\/\/bartels-conjar.com\/#\/schema\/logo\/image\/\"},\"sameAs\":[\"https:\/\/www.facebook.com\/BartelsConjar\/\"]}]}<\/script>\n<!-- \/ Yoast SEO plugin. -->","yoast_head_json":{"title":"XSTO ZW7170G - Bartels Conjar","robots":{"index":"index","follow":"follow","max-snippet":"max-snippet:-1","max-image-preview":"max-image-preview:large","max-video-preview":"max-video-preview:-1"},"canonical":"https:\/\/bartels-conjar.com\/en\/xsto-zw7170g\/","og_locale":"en_US","og_type":"article","og_title":"XSTO ZW7170G - Bartels Conjar","og_url":"https:\/\/bartels-conjar.com\/en\/xsto-zw7170g\/","og_site_name":"Bartels Conjar","article_publisher":"https:\/\/www.facebook.com\/BartelsConjar\/","article_modified_time":"2026-04-08T10:36:18+00:00","og_image":[{"width":1500,"height":1500,"url":"https:\/\/bartels-conjar.com\/wp-content\/uploads\/2026\/04\/1.jpg","type":"image\/jpeg"}],"twitter_card":"summary_large_image","twitter_misc":{"Est. reading time":"3 minutes"},"schema":{"@context":"https:\/\/schema.org","@graph":[{"@type":"WebPage","@id":"https:\/\/bartels-conjar.com\/xsto-zw7170g\/","url":"https:\/\/bartels-conjar.com\/xsto-zw7170g\/","name":"XSTO ZW7170G - Bartels Conjar","isPartOf":{"@id":"https:\/\/bartels-conjar.com\/#website"},"primaryImageOfPage":{"@id":"https:\/\/bartels-conjar.com\/xsto-zw7170g\/#primaryimage"},"image":{"@id":"https:\/\/bartels-conjar.com\/xsto-zw7170g\/#primaryimage"},"thumbnailUrl":"https:\/\/bartels-conjar.com\/wp-content\/uploads\/2026\/04\/1.jpg","datePublished":"2026-04-08T10:19:29+00:00","dateModified":"2026-04-08T10:36:18+00:00","breadcrumb":{"@id":"https:\/\/bartels-conjar.com\/xsto-zw7170g\/#breadcrumb"},"inLanguage":"en-US","potentialAction":[{"@type":"ReadAction","target":["https:\/\/bartels-conjar.com\/xsto-zw7170g\/"]}]},{"@type":"ImageObject","inLanguage":"en-US","@id":"https:\/\/bartels-conjar.com\/xsto-zw7170g\/#primaryimage","url":"https:\/\/bartels-conjar.com\/wp-content\/uploads\/2026\/04\/1.jpg","contentUrl":"https:\/\/bartels-conjar.com\/wp-content\/uploads\/2026\/04\/1.jpg","width":1500,"height":1500},{"@type":"BreadcrumbList","@id":"https:\/\/bartels-conjar.com\/xsto-zw7170g\/#breadcrumb","itemListElement":[{"@type":"ListItem","position":1,"name":"Po\u010detna stranica","item":"https:\/\/bartels-conjar.com\/"},{"@type":"ListItem","position":2,"name":"XSTO ZW7170G"}]},{"@type":"WebSite","@id":"https:\/\/bartels-conjar.com\/#website","url":"https:\/\/bartels-conjar.com\/","name":"Bartels Conjar","description":"Profesionalac za Va\u0161e skladi\u0161te","publisher":{"@id":"https:\/\/bartels-conjar.com\/#organization"},"potentialAction":[{"@type":"SearchAction","target":{"@type":"EntryPoint","urlTemplate":"https:\/\/bartels-conjar.com\/?s={search_term_string}"},"query-input":{"@type":"PropertyValueSpecification","valueRequired":true,"valueName":"search_term_string"}}],"inLanguage":"en-US"},{"@type":"Organization","@id":"https:\/\/bartels-conjar.com\/#organization","name":"Bartels Conjar","url":"https:\/\/bartels-conjar.com\/","logo":{"@type":"ImageObject","inLanguage":"en-US","@id":"https:\/\/bartels-conjar.com\/#\/schema\/logo\/image\/","url":"https:\/\/bartels-conjar.com\/wp-content\/uploads\/2022\/05\/bartels-logo-web.png","contentUrl":"https:\/\/bartels-conjar.com\/wp-content\/uploads\/2022\/05\/bartels-logo-web.png","width":660,"height":200,"caption":"Bartels Conjar"},"image":{"@id":"https:\/\/bartels-conjar.com\/#\/schema\/logo\/image\/"},"sameAs":["https:\/\/www.facebook.com\/BartelsConjar\/"]}]}},"_links":{"self":[{"href":"https:\/\/bartels-conjar.com\/en\/wp-json\/wp\/v2\/pages\/6220","targetHints":{"allow":["GET"]}}],"collection":[{"href":"https:\/\/bartels-conjar.com\/en\/wp-json\/wp\/v2\/pages"}],"about":[{"href":"https:\/\/bartels-conjar.com\/en\/wp-json\/wp\/v2\/types\/page"}],"author":[{"embeddable":true,"href":"https:\/\/bartels-conjar.com\/en\/wp-json\/wp\/v2\/users\/1"}],"replies":[{"embeddable":true,"href":"https:\/\/bartels-conjar.com\/en\/wp-json\/wp\/v2\/comments?post=6220"}],"version-history":[{"count":1,"href":"https:\/\/bartels-conjar.com\/en\/wp-json\/wp\/v2\/pages\/6220\/revisions"}],"predecessor-version":[{"id":6227,"href":"https:\/\/bartels-conjar.com\/en\/wp-json\/wp\/v2\/pages\/6220\/revisions\/6227"}],"wp:featuredmedia":[{"embeddable":true,"href":"https:\/\/bartels-conjar.com\/en\/wp-json\/wp\/v2\/media\/6221"}],"wp:attachment":[{"href":"https:\/\/bartels-conjar.com\/en\/wp-json\/wp\/v2\/media?parent=6220"}],"curies":[{"name":"wp","href":"https:\/\/api.w.org\/{rel}","templated":true}]}}