{"id":6206,"date":"2026-04-08T12:11:48","date_gmt":"2026-04-08T10:11:48","guid":{"rendered":"https:\/\/bartels-conjar.com\/?page_id=6206"},"modified":"2026-04-08T12:11:48","modified_gmt":"2026-04-08T10:11:48","slug":"montibex","status":"publish","type":"page","link":"https:\/\/bartels-conjar.com\/en\/montibex\/","title":{"rendered":"Montibex"},"content":{"rendered":"<section id=\"bt_section69d8e6d2b7e0d\"  class=\"boldSection bottomSemiSpaced gutter boxed inherit\" ><div class=\"port\"><div class=\"boldCell\"><div class=\"boldCellInner\"><div class=\"boldRow\" ><div class=\"boldRowInner\"><div class=\"rowItem col-md-12 col-ms-12  btTextLeft\"  data-width=\"12\"><div class=\"rowItemContent\" ><header class=\"header btClear large btDash bottomDash  regular\" ><div class=\"btSuperTitle\"><span>Description<\/span><\/div><div class=\"dash\"><h2><span class=\"headline\">Montibex<\/span><\/h2><\/div><div class=\"btSubTitle\">Pneumatske gume za glatku vo\u017enju po bilo kojoj povr\u0161ini<br \/><br>Pouzdane performanse: Motor koji ne zahtijeva odr\u017eavanje i dugotrajna baterija.<br \/><br>Sigurno rukovanje: Robusna konstrukcija i glatko pokretanje.<br \/><br>Visoka nosivost: Za terete te\u017eine do 180 kg.<\/div><\/header><div class=\"btClear btSeparator topSmallSpaced bottomSmallSpaced noBorder\" ><hr><\/div><div class=\"bpgPhoto btDefaultHoverType\" ><div class = \"btImage\"><img decoding=\"async\" src=\"https:\/\/bartels-conjar.com\/wp-content\/uploads\/2026\/04\/treppensteiger-bartels-montibex-180-kg-2-640x640.jpg\" alt=\"\" title=\"\"><\/div><\/div><div class=\"btClear btSeparator noBorder\" ><hr><\/div><div class=\"btTabs tabsHorizontal\"><ul class=\"tabsHeader\"><li><span>Advantages<\/span><\/li><li><span>Performance<\/span><\/li><li><span>Purpose<\/span><\/li><li><span>Technical characteristics<\/span><\/li><\/ul><div class=\"tabPanes tabPanesTabs\"><div class=\"tabPane\">\n\t\t\t<div class=\"tabAccordionContent\"><div class=\"btText\" ><\/p>\n<ul>\n<li><strong><span dir=\"auto\">Sna\u017ean:<\/span><\/strong><span dir=\"auto\">\u00a0S nosivo\u0161\u0107u od 180 kg, Montibex mo\u017ee podnijeti \u010dak i te\u0161ke zadatke.<\/span><\/li>\n<li><strong><span dir=\"auto\">Ergonomija:<\/span><\/strong><span dir=\"auto\">\u00a0Podesiva ru\u010dka i jednostavno rukovanje smanjuju optere\u0107enje le\u0111a i omogu\u0107uju udoban rad.<\/span><\/li>\n<li><strong><span dir=\"auto\">Glatka vo\u017enja:<\/span><\/strong><span dir=\"auto\">\u00a0Gume punjene zrakom osiguravaju glatku vo\u017enju \u010dak i na neravnom terenu.<\/span><\/li>\n<li><strong><span dir=\"auto\">Svestranost:<\/span><\/strong><span dir=\"auto\">\u00a0Bilo da se radi o kopirnim ure\u0111ajima, gra\u0111evinskom materijalu ili kaminu \u2013 Montibex sigurno i nje\u017eno prevozi \u0161irok raspon robe.<\/span><\/li>\n<li><strong><span dir=\"auto\">U\u010dinkovitost:<\/span><\/strong><span dir=\"auto\">\u00a0Elektromotor koji ne zahtijeva odr\u017eavanje i dugotrajna litij-ionska baterija osiguravaju pouzdan rad.<\/span><\/li>\n<li><strong><span dir=\"auto\">Sigurnost:<\/span><\/strong><span dir=\"auto\">\u00a0Robusna konstrukcija od visoko\u010dvrstog aluminija i glatko pokretanje osiguravaju siguran prijevoz va\u0161eg tereta.<\/span><\/li>\n<li><strong><span dir=\"auto\">Kompaktnost:<\/span><\/strong><span dir=\"auto\">\u00a0Zahvaljuju\u0107i sklopivoj utovarnoj platformi i kompaktnom dizajnu, penjalica za stepenice mo\u017ee se skladi\u0161titi i transportirati na na\u010din koji \u0161tedi prostor.<\/span><\/li>\n<\/ul>\n<p>\n<\/div><\/div>\n\t\t<\/div><div class=\"tabPane\">\n\t\t\t<div class=\"tabAccordionContent\"><div class=\"btText\" ><\/p>\n<ul>\n<li><span dir=\"auto\">Nosivost 180 kg<\/span><\/li>\n<li><span dir=\"auto\">Upravljanje od strane 1 osobe<\/span><\/li>\n<li><span dir=\"auto\">Sklopiva utovarna platforma<\/span><\/li>\n<li><span dir=\"auto\">Podesiva ru\u010dka za guranje prema robi ili operateru<\/span><\/li>\n<li><span dir=\"auto\">Podesiva brzina u 3 stupnja<\/span><\/li>\n<li><span dir=\"auto\">Lagani po\u010detak<\/span><\/li>\n<li><span dir=\"auto\">pneumatske gume<\/span><\/li>\n<li><span dir=\"auto\">Automatska ko\u010dnica<\/span><\/li>\n<li><span dir=\"auto\">Elektromotor bez odr\u017eavanja<\/span><\/li>\n<li><span dir=\"auto\">Litij-ionska baterija s digitalnim indikatorom razine napunjenosti<\/span><\/li>\n<li><span dir=\"auto\">Visoko\u010dvrsti aluminijski okvir za\u0161ti\u0107en od korozije<\/span><\/li>\n<\/ul>\n<p>\n<\/div><\/div>\n\t\t<\/div><div class=\"tabPane\">\n\t\t\t<div class=\"tabAccordionContent\"><div class=\"btText\" ><\/p>\n<p><strong><span dir=\"auto\">Prikladno za:<\/span><\/strong><\/p>\n<ul>\n<li><strong><span dir=\"auto\">Ured i administracija:<\/span><\/strong><span dir=\"auto\">\u00a0Prijevoz fotokopirnih ure\u0111aja, datoteka i te\u0161ke opreme<\/span><\/li>\n<li><strong><span dir=\"auto\">Gra\u0111evinarstvo:<\/span><\/strong><span dir=\"auto\">\u00a0Prijevoz gra\u0111evinskog materijala do gradili\u0161ta i unutar zgrada<\/span><\/li>\n<li><strong><span dir=\"auto\">Trgovina i logistika:<\/span><\/strong><span dir=\"auto\">\u00a0Prijevoz robe do skladi\u0161ta i trgovina<\/span><\/li>\n<li><span dir=\"auto\">i jo\u0161 mnogo toga \u2013\u00a0\u00a0<\/span><a href=\"https:\/\/www.bartels-shop.com\/ihre-ansprechpartner.html\" target=\"_blank\" rel=\"noopener\"><span dir=\"auto\">kontaktirajte nas<\/span><\/a><span dir=\"auto\">!<\/span><\/li>\n<\/ul>\n<p>\n<\/div><\/div>\n\t\t<\/div><div class=\"tabPane\">\n\t\t\t<div class=\"tabAccordionContent\"><div class=\"btText\" ><\/p>\n<table class=\"woocommerce-product-attributes shop_attributes\">\n<tbody>\n<tr class=\"woocommerce-product-attributes-item woocommerce-product-attributes-item--attribute_nosivost\">\n<th class=\"woocommerce-product-attributes-item__label\">Load capacity<\/th>\n<td class=\"woocommerce-product-attributes-item__value\">180 kg<\/td>\n<\/tr>\n<tr class=\"woocommerce-product-attributes-item woocommerce-product-attributes-item--attribute_dimenzije\">\n<th class=\"woocommerce-product-attributes-item__label\">Dimensions<\/th>\n<td class=\"woocommerce-product-attributes-item__value\">555 x 530 x 1600<\/td>\n<\/tr>\n<tr class=\"woocommerce-product-attributes-item woocommerce-product-attributes-item--attribute_dimenzije-platforme\">\n<th class=\"woocommerce-product-attributes-item__label\">Dimenzije u sklopljenom stanju<\/th>\n<td class=\"woocommerce-product-attributes-item__value\">555 x 315 x 1125<\/td>\n<\/tr>\n<tr class=\"woocommerce-product-attributes-item woocommerce-product-attributes-item--attribute_baterija\">\n<th class=\"woocommerce-product-attributes-item__label\">Maximum climbing speed<\/th>\n<td class=\"woocommerce-product-attributes-item__value\">23\u00a0stepenica\/min<\/td>\n<\/tr>\n<tr class=\"woocommerce-product-attributes-item woocommerce-product-attributes-item--attribute_max-nagib-stubi%c5%a1ta\">\n<th class=\"woocommerce-product-attributes-item__label\">Raspon pode\u0161avanja potisne ru\u010dke<\/th>\n<td class=\"woocommerce-product-attributes-item__value\">464 mm<\/td>\n<\/tr>\n<tr class=\"woocommerce-product-attributes-item woocommerce-product-attributes-item--attribute_te%c5%beina\">\n<th class=\"woocommerce-product-attributes-item__label\">Snaga \/ napon motora<\/th>\n<td class=\"woocommerce-product-attributes-item__value\">120 \/ 24 \u0160 \/ V<\/td>\n<\/tr>\n<tr class=\"woocommerce-product-attributes-item woocommerce-product-attributes-item--attribute_izravnavanje\">\n<th class=\"woocommerce-product-attributes-item__label\">Vrijeme punjenja baterije<\/th>\n<td class=\"woocommerce-product-attributes-item__value\">6,5 h<\/td>\n<\/tr>\n<tr class=\"woocommerce-product-attributes-item woocommerce-product-attributes-item--attribute_izravnavanje\">\n<th class=\"woocommerce-product-attributes-item__label\">Weight<\/th>\n<td class=\"woocommerce-product-attributes-item__value\">28,5 kg<\/td>\n<\/tr>\n<\/tbody>\n<\/table>\n<p>\n<\/div><\/div>\n\t\t<\/div><\/div><\/div><\/div><\/div><\/div><\/div><div class=\"boldRow\" ><div class=\"boldRowInner\"><div class=\"rowItem col-md-12 col-ms-12  btTextLeft\"  data-width=\"12\"><div class=\"rowItemContent\" ><div class=\"btClear btSeparator topSmallSpaced bottomSmallSpaced border\" ><hr><\/div><div class=\"btClear btSeparator bottomSmallSpaced noBorder\" ><hr><\/div><\/div><\/div><\/div><\/div><div class=\"boldRow\" ><div class=\"boldRowInner\"><div class=\"rowItem col-md-12 col-ms-12  btTextLeft\"  data-width=\"12\"><div class=\"rowItemContent\" ><header class=\"header btClear large btDash bottomDash  regular\" ><div class=\"dash\"><h2><span class=\"headline\">Gallery<\/span><\/h2><\/div><\/header><div class=\"tilesWall btGridGallery tiled  btGridGap-10 lightbox\" data-col=\"4\"><div class=\"gridSizer\"><\/div><div class=\"gridItem btGhostSliderThumb bt11\" data-order-num=\"-1\"><div class=\"btTileBox\"><div class=\"bpgPhoto\" > \r\n\t\t\t\t\t<a href=\"https:\/\/bartels-conjar.com\/wp-content\/uploads\/2026\/04\/treppensteiger-bartels-montibex-180-kg-6.jpg\" class=\"lightbox\" data-title=\"\"><\/a>\r\n\t\t\t\t\t<div class=\"boldPhotoBox\"><div class=\"bpbItem\"><div class = \"btImage\"><img decoding=\"async\" src=\"https:\/\/bartels-conjar.com\/wp-content\/uploads\/2026\/04\/treppensteiger-bartels-montibex-180-kg-6-640x640.jpg\" alt=\"\" title=\"\"><\/div><\/div><\/div>\r\n\t\t\t\t\t<div class=\"captionPane btDarkSkin btTextCenter\">\r\n\t\t\t\t\t\t<div class=\"captionTable\">\r\n\t\t\t\t\t\t\t<div class=\"captionCell\">\r\n\t\t\t\t\t\t\t\t<div class=\"captionTxt\"><\/div>\r\n\t\t\t\t\t\t\t<\/div>\r\n\t\t\t\t\t\t<\/div>\r\n\t\t\t\t\t<\/div><\/div><\/div><\/div><div class=\"gridItem btGhostSliderThumb bt11\" data-order-num=\"0\"><div class=\"btTileBox\"><div class=\"bpgPhoto\" > \r\n\t\t\t\t\t<a href=\"https:\/\/bartels-conjar.com\/wp-content\/uploads\/2026\/04\/treppensteiger-bartels-montibex-180-kg-7.jpg\" class=\"lightbox\" data-title=\"\"><\/a>\r\n\t\t\t\t\t<div class=\"boldPhotoBox\"><div class=\"bpbItem\"><div class = \"btImage\"><img decoding=\"async\" src=\"https:\/\/bartels-conjar.com\/wp-content\/uploads\/2026\/04\/treppensteiger-bartels-montibex-180-kg-7-640x640.jpg\" alt=\"\" title=\"\"><\/div><\/div><\/div>\r\n\t\t\t\t\t<div class=\"captionPane btDarkSkin btTextCenter\">\r\n\t\t\t\t\t\t<div class=\"captionTable\">\r\n\t\t\t\t\t\t\t<div class=\"captionCell\">\r\n\t\t\t\t\t\t\t\t<div class=\"captionTxt\"><\/div>\r\n\t\t\t\t\t\t\t<\/div>\r\n\t\t\t\t\t\t<\/div>\r\n\t\t\t\t\t<\/div><\/div><\/div><\/div><div class=\"gridItem btGhostSliderThumb bt11\" data-order-num=\"1\"><div class=\"btTileBox\"><div class=\"bpgPhoto\" > \r\n\t\t\t\t\t<a href=\"https:\/\/bartels-conjar.com\/wp-content\/uploads\/2026\/04\/treppensteiger-bartels-montibex-180-kg-8.jpg\" class=\"lightbox\" data-title=\"\"><\/a>\r\n\t\t\t\t\t<div class=\"boldPhotoBox\"><div class=\"bpbItem\"><div class = \"btImage\"><img decoding=\"async\" src=\"https:\/\/bartels-conjar.com\/wp-content\/uploads\/2026\/04\/treppensteiger-bartels-montibex-180-kg-8-640x640.jpg\" alt=\"\" title=\"\"><\/div><\/div><\/div>\r\n\t\t\t\t\t<div class=\"captionPane btDarkSkin btTextCenter\">\r\n\t\t\t\t\t\t<div class=\"captionTable\">\r\n\t\t\t\t\t\t\t<div class=\"captionCell\">\r\n\t\t\t\t\t\t\t\t<div class=\"captionTxt\"><\/div>\r\n\t\t\t\t\t\t\t<\/div>\r\n\t\t\t\t\t\t<\/div>\r\n\t\t\t\t\t<\/div><\/div><\/div><\/div><div class=\"gridItem btGhostSliderThumb bt11\" data-order-num=\"2\"><div class=\"btTileBox\"><div class=\"bpgPhoto\" > \r\n\t\t\t\t\t<a href=\"https:\/\/bartels-conjar.com\/wp-content\/uploads\/2026\/04\/treppensteiger-bartels-montibex-180-kg-9.jpg\" class=\"lightbox\" data-title=\"\"><\/a>\r\n\t\t\t\t\t<div class=\"boldPhotoBox\"><div class=\"bpbItem\"><div class = \"btImage\"><img decoding=\"async\" src=\"https:\/\/bartels-conjar.com\/wp-content\/uploads\/2026\/04\/treppensteiger-bartels-montibex-180-kg-9-640x640.jpg\" alt=\"\" title=\"\"><\/div><\/div><\/div>\r\n\t\t\t\t\t<div class=\"captionPane btDarkSkin btTextCenter\">\r\n\t\t\t\t\t\t<div class=\"captionTable\">\r\n\t\t\t\t\t\t\t<div class=\"captionCell\">\r\n\t\t\t\t\t\t\t\t<div class=\"captionTxt\"><\/div>\r\n\t\t\t\t\t\t\t<\/div>\r\n\t\t\t\t\t\t<\/div>\r\n\t\t\t\t\t<\/div><\/div><\/div><\/div><div class=\"gridItem btGhostSliderThumb bt11\" data-order-num=\"3\"><div class=\"btTileBox\"><div class=\"bpgPhoto\" > \r\n\t\t\t\t\t<a href=\"https:\/\/bartels-conjar.com\/wp-content\/uploads\/2026\/04\/treppensteiger-bartels-montibex-180-kg-10.jpg\" class=\"lightbox\" data-title=\"\"><\/a>\r\n\t\t\t\t\t<div class=\"boldPhotoBox\"><div class=\"bpbItem\"><div class = \"btImage\"><img decoding=\"async\" src=\"https:\/\/bartels-conjar.com\/wp-content\/uploads\/2026\/04\/treppensteiger-bartels-montibex-180-kg-10-640x640.jpg\" alt=\"\" title=\"\"><\/div><\/div><\/div>\r\n\t\t\t\t\t<div class=\"captionPane btDarkSkin btTextCenter\">\r\n\t\t\t\t\t\t<div class=\"captionTable\">\r\n\t\t\t\t\t\t\t<div class=\"captionCell\">\r\n\t\t\t\t\t\t\t\t<div class=\"captionTxt\"><\/div>\r\n\t\t\t\t\t\t\t<\/div>\r\n\t\t\t\t\t\t<\/div>\r\n\t\t\t\t\t<\/div><\/div><\/div><\/div><div class=\"gridItem btGhostSliderThumb bt11\" data-order-num=\"4\"><div class=\"btTileBox\"><div class=\"bpgPhoto\" > \r\n\t\t\t\t\t<a href=\"https:\/\/bartels-conjar.com\/wp-content\/uploads\/2026\/04\/treppensteiger-bartels-montibex-180-kg-11.jpg\" class=\"lightbox\" data-title=\"\"><\/a>\r\n\t\t\t\t\t<div class=\"boldPhotoBox\"><div class=\"bpbItem\"><div class = \"btImage\"><img decoding=\"async\" src=\"https:\/\/bartels-conjar.com\/wp-content\/uploads\/2026\/04\/treppensteiger-bartels-montibex-180-kg-11-640x640.jpg\" alt=\"\" title=\"\"><\/div><\/div><\/div>\r\n\t\t\t\t\t<div class=\"captionPane btDarkSkin btTextCenter\">\r\n\t\t\t\t\t\t<div class=\"captionTable\">\r\n\t\t\t\t\t\t\t<div class=\"captionCell\">\r\n\t\t\t\t\t\t\t\t<div class=\"captionTxt\"><\/div>\r\n\t\t\t\t\t\t\t<\/div>\r\n\t\t\t\t\t\t<\/div>\r\n\t\t\t\t\t<\/div><\/div><\/div><\/div><div class=\"gridItem btGhostSliderThumb bt11\" data-order-num=\"5\"><div class=\"btTileBox\"><div class=\"bpgPhoto\" > \r\n\t\t\t\t\t<a href=\"https:\/\/bartels-conjar.com\/wp-content\/uploads\/2026\/04\/treppensteiger-bartels-montibex-180-kg-12.jpg\" class=\"lightbox\" data-title=\"\"><\/a>\r\n\t\t\t\t\t<div class=\"boldPhotoBox\"><div class=\"bpbItem\"><div class = \"btImage\"><img decoding=\"async\" src=\"https:\/\/bartels-conjar.com\/wp-content\/uploads\/2026\/04\/treppensteiger-bartels-montibex-180-kg-12-640x640.jpg\" alt=\"\" title=\"\"><\/div><\/div><\/div>\r\n\t\t\t\t\t<div class=\"captionPane btDarkSkin btTextCenter\">\r\n\t\t\t\t\t\t<div class=\"captionTable\">\r\n\t\t\t\t\t\t\t<div class=\"captionCell\">\r\n\t\t\t\t\t\t\t\t<div class=\"captionTxt\"><\/div>\r\n\t\t\t\t\t\t\t<\/div>\r\n\t\t\t\t\t\t<\/div>\r\n\t\t\t\t\t<\/div><\/div><\/div><\/div><div class=\"gridItem btGhostSliderThumb bt11\" data-order-num=\"6\"><div class=\"btTileBox\"><div class=\"bpgPhoto\" > \r\n\t\t\t\t\t<a href=\"https:\/\/bartels-conjar.com\/wp-content\/uploads\/2026\/04\/treppensteiger-bartels-montibex-180-kg.jpg\" class=\"lightbox\" data-title=\"\"><\/a>\r\n\t\t\t\t\t<div class=\"boldPhotoBox\"><div class=\"bpbItem\"><div class = \"btImage\"><img decoding=\"async\" src=\"https:\/\/bartels-conjar.com\/wp-content\/uploads\/2026\/04\/treppensteiger-bartels-montibex-180-kg.jpg\" alt=\"\" title=\"\"><\/div><\/div><\/div>\r\n\t\t\t\t\t<div class=\"captionPane btDarkSkin btTextCenter\">\r\n\t\t\t\t\t\t<div class=\"captionTable\">\r\n\t\t\t\t\t\t\t<div class=\"captionCell\">\r\n\t\t\t\t\t\t\t\t<div class=\"captionTxt\"><\/div>\r\n\t\t\t\t\t\t\t<\/div>\r\n\t\t\t\t\t\t<\/div>\r\n\t\t\t\t\t<\/div><\/div><\/div><\/div><div class=\"gridItem btGhostSliderThumb bt11\" data-order-num=\"7\"><div class=\"btTileBox\"><div class=\"bpgPhoto\" > \r\n\t\t\t\t\t<a href=\"https:\/\/bartels-conjar.com\/wp-content\/uploads\/2026\/04\/treppensteiger-bartels-montibex-180-kg-1.jpg\" class=\"lightbox\" data-title=\"\"><\/a>\r\n\t\t\t\t\t<div class=\"boldPhotoBox\"><div class=\"bpbItem\"><div class = \"btImage\"><img decoding=\"async\" src=\"https:\/\/bartels-conjar.com\/wp-content\/uploads\/2026\/04\/treppensteiger-bartels-montibex-180-kg-1-640x640.jpg\" alt=\"\" title=\"\"><\/div><\/div><\/div>\r\n\t\t\t\t\t<div class=\"captionPane btDarkSkin btTextCenter\">\r\n\t\t\t\t\t\t<div class=\"captionTable\">\r\n\t\t\t\t\t\t\t<div class=\"captionCell\">\r\n\t\t\t\t\t\t\t\t<div class=\"captionTxt\"><\/div>\r\n\t\t\t\t\t\t\t<\/div>\r\n\t\t\t\t\t\t<\/div>\r\n\t\t\t\t\t<\/div><\/div><\/div><\/div><div class=\"gridItem btGhostSliderThumb bt11\" data-order-num=\"8\"><div class=\"btTileBox\"><div class=\"bpgPhoto\" > \r\n\t\t\t\t\t<a href=\"https:\/\/bartels-conjar.com\/wp-content\/uploads\/2026\/04\/treppensteiger-bartels-montibex-180-kg-4.jpg\" class=\"lightbox\" data-title=\"\"><\/a>\r\n\t\t\t\t\t<div class=\"boldPhotoBox\"><div class=\"bpbItem\"><div class = \"btImage\"><img decoding=\"async\" src=\"https:\/\/bartels-conjar.com\/wp-content\/uploads\/2026\/04\/treppensteiger-bartels-montibex-180-kg-4-640x640.jpg\" alt=\"\" title=\"\"><\/div><\/div><\/div>\r\n\t\t\t\t\t<div class=\"captionPane btDarkSkin btTextCenter\">\r\n\t\t\t\t\t\t<div class=\"captionTable\">\r\n\t\t\t\t\t\t\t<div class=\"captionCell\">\r\n\t\t\t\t\t\t\t\t<div class=\"captionTxt\"><\/div>\r\n\t\t\t\t\t\t\t<\/div>\r\n\t\t\t\t\t\t<\/div>\r\n\t\t\t\t\t<\/div><\/div><\/div><\/div><div class=\"gridItem btGhostSliderThumb bt11\" data-order-num=\"9\"><div class=\"btTileBox\"><div class=\"bpgPhoto\" > \r\n\t\t\t\t\t<a href=\"https:\/\/bartels-conjar.com\/wp-content\/uploads\/2026\/04\/treppensteiger-bartels-montibex-180-kg-5.jpg\" class=\"lightbox\" data-title=\"\"><\/a>\r\n\t\t\t\t\t<div class=\"boldPhotoBox\"><div class=\"bpbItem\"><div class = \"btImage\"><img decoding=\"async\" src=\"https:\/\/bartels-conjar.com\/wp-content\/uploads\/2026\/04\/treppensteiger-bartels-montibex-180-kg-5-640x640.jpg\" alt=\"\" title=\"\"><\/div><\/div><\/div>\r\n\t\t\t\t\t<div class=\"captionPane btDarkSkin btTextCenter\">\r\n\t\t\t\t\t\t<div class=\"captionTable\">\r\n\t\t\t\t\t\t\t<div class=\"captionCell\">\r\n\t\t\t\t\t\t\t\t<div class=\"captionTxt\"><\/div>\r\n\t\t\t\t\t\t\t<\/div>\r\n\t\t\t\t\t\t<\/div>\r\n\t\t\t\t\t<\/div><\/div><\/div><\/div><\/div><\/div><\/div><\/div><\/div><\/div><\/div><\/div><\/section>","protected":false},"excerpt":{"rendered":"","protected":false},"author":1,"featured_media":6207,"parent":0,"menu_order":0,"comment_status":"closed","ping_status":"closed","template":"","meta":{"footnotes":""},"class_list":["post-6206","page","type-page","status-publish","has-post-thumbnail","hentry"],"yoast_head":"<!-- This site is optimized with the Yoast SEO plugin v26.9 - https:\/\/yoast.com\/product\/yoast-seo-wordpress\/ -->\n<title>Montibex - Bartels Conjar<\/title>\n<meta name=\"robots\" content=\"index, follow, max-snippet:-1, max-image-preview:large, max-video-preview:-1\" \/>\n<link rel=\"canonical\" href=\"https:\/\/bartels-conjar.com\/en\/montibex\/\" \/>\n<meta property=\"og:locale\" content=\"en_US\" \/>\n<meta property=\"og:type\" content=\"article\" \/>\n<meta property=\"og:title\" content=\"Montibex - Bartels Conjar\" \/>\n<meta property=\"og:url\" content=\"https:\/\/bartels-conjar.com\/en\/montibex\/\" \/>\n<meta property=\"og:site_name\" content=\"Bartels Conjar\" \/>\n<meta property=\"article:publisher\" content=\"https:\/\/www.facebook.com\/BartelsConjar\/\" \/>\n<meta property=\"og:image\" content=\"https:\/\/bartels-conjar.com\/wp-content\/uploads\/2026\/04\/treppensteiger-bartels-montibex-180-kg-2.jpg\" \/>\n\t<meta property=\"og:image:width\" content=\"1500\" \/>\n\t<meta property=\"og:image:height\" content=\"1500\" \/>\n\t<meta property=\"og:image:type\" content=\"image\/jpeg\" \/>\n<meta name=\"twitter:card\" content=\"summary_large_image\" \/>\n<meta name=\"twitter:label1\" content=\"Est. reading time\" \/>\n\t<meta name=\"twitter:data1\" content=\"5 minutes\" \/>\n<script type=\"application\/ld+json\" class=\"yoast-schema-graph\">{\"@context\":\"https:\/\/schema.org\",\"@graph\":[{\"@type\":\"WebPage\",\"@id\":\"https:\/\/bartels-conjar.com\/montibex\/\",\"url\":\"https:\/\/bartels-conjar.com\/montibex\/\",\"name\":\"Montibex - Bartels Conjar\",\"isPartOf\":{\"@id\":\"https:\/\/bartels-conjar.com\/#website\"},\"primaryImageOfPage\":{\"@id\":\"https:\/\/bartels-conjar.com\/montibex\/#primaryimage\"},\"image\":{\"@id\":\"https:\/\/bartels-conjar.com\/montibex\/#primaryimage\"},\"thumbnailUrl\":\"https:\/\/bartels-conjar.com\/wp-content\/uploads\/2026\/04\/treppensteiger-bartels-montibex-180-kg-2.jpg\",\"datePublished\":\"2026-04-08T10:11:48+00:00\",\"breadcrumb\":{\"@id\":\"https:\/\/bartels-conjar.com\/montibex\/#breadcrumb\"},\"inLanguage\":\"en-US\",\"potentialAction\":[{\"@type\":\"ReadAction\",\"target\":[\"https:\/\/bartels-conjar.com\/montibex\/\"]}]},{\"@type\":\"ImageObject\",\"inLanguage\":\"en-US\",\"@id\":\"https:\/\/bartels-conjar.com\/montibex\/#primaryimage\",\"url\":\"https:\/\/bartels-conjar.com\/wp-content\/uploads\/2026\/04\/treppensteiger-bartels-montibex-180-kg-2.jpg\",\"contentUrl\":\"https:\/\/bartels-conjar.com\/wp-content\/uploads\/2026\/04\/treppensteiger-bartels-montibex-180-kg-2.jpg\",\"width\":1500,\"height\":1500},{\"@type\":\"BreadcrumbList\",\"@id\":\"https:\/\/bartels-conjar.com\/montibex\/#breadcrumb\",\"itemListElement\":[{\"@type\":\"ListItem\",\"position\":1,\"name\":\"Po\u010detna stranica\",\"item\":\"https:\/\/bartels-conjar.com\/\"},{\"@type\":\"ListItem\",\"position\":2,\"name\":\"Montibex\"}]},{\"@type\":\"WebSite\",\"@id\":\"https:\/\/bartels-conjar.com\/#website\",\"url\":\"https:\/\/bartels-conjar.com\/\",\"name\":\"Bartels Conjar\",\"description\":\"Profesionalac za Va\u0161e skladi\u0161te\",\"publisher\":{\"@id\":\"https:\/\/bartels-conjar.com\/#organization\"},\"potentialAction\":[{\"@type\":\"SearchAction\",\"target\":{\"@type\":\"EntryPoint\",\"urlTemplate\":\"https:\/\/bartels-conjar.com\/?s={search_term_string}\"},\"query-input\":{\"@type\":\"PropertyValueSpecification\",\"valueRequired\":true,\"valueName\":\"search_term_string\"}}],\"inLanguage\":\"en-US\"},{\"@type\":\"Organization\",\"@id\":\"https:\/\/bartels-conjar.com\/#organization\",\"name\":\"Bartels Conjar\",\"url\":\"https:\/\/bartels-conjar.com\/\",\"logo\":{\"@type\":\"ImageObject\",\"inLanguage\":\"en-US\",\"@id\":\"https:\/\/bartels-conjar.com\/#\/schema\/logo\/image\/\",\"url\":\"https:\/\/bartels-conjar.com\/wp-content\/uploads\/2022\/05\/bartels-logo-web.png\",\"contentUrl\":\"https:\/\/bartels-conjar.com\/wp-content\/uploads\/2022\/05\/bartels-logo-web.png\",\"width\":660,\"height\":200,\"caption\":\"Bartels Conjar\"},\"image\":{\"@id\":\"https:\/\/bartels-conjar.com\/#\/schema\/logo\/image\/\"},\"sameAs\":[\"https:\/\/www.facebook.com\/BartelsConjar\/\"]}]}<\/script>\n<!-- \/ Yoast SEO plugin. -->","yoast_head_json":{"title":"Montibex - Bartels Conjar","robots":{"index":"index","follow":"follow","max-snippet":"max-snippet:-1","max-image-preview":"max-image-preview:large","max-video-preview":"max-video-preview:-1"},"canonical":"https:\/\/bartels-conjar.com\/en\/montibex\/","og_locale":"en_US","og_type":"article","og_title":"Montibex - Bartels Conjar","og_url":"https:\/\/bartels-conjar.com\/en\/montibex\/","og_site_name":"Bartels Conjar","article_publisher":"https:\/\/www.facebook.com\/BartelsConjar\/","og_image":[{"width":1500,"height":1500,"url":"https:\/\/bartels-conjar.com\/wp-content\/uploads\/2026\/04\/treppensteiger-bartels-montibex-180-kg-2.jpg","type":"image\/jpeg"}],"twitter_card":"summary_large_image","twitter_misc":{"Est. reading time":"5 minutes"},"schema":{"@context":"https:\/\/schema.org","@graph":[{"@type":"WebPage","@id":"https:\/\/bartels-conjar.com\/montibex\/","url":"https:\/\/bartels-conjar.com\/montibex\/","name":"Montibex - Bartels Conjar","isPartOf":{"@id":"https:\/\/bartels-conjar.com\/#website"},"primaryImageOfPage":{"@id":"https:\/\/bartels-conjar.com\/montibex\/#primaryimage"},"image":{"@id":"https:\/\/bartels-conjar.com\/montibex\/#primaryimage"},"thumbnailUrl":"https:\/\/bartels-conjar.com\/wp-content\/uploads\/2026\/04\/treppensteiger-bartels-montibex-180-kg-2.jpg","datePublished":"2026-04-08T10:11:48+00:00","breadcrumb":{"@id":"https:\/\/bartels-conjar.com\/montibex\/#breadcrumb"},"inLanguage":"en-US","potentialAction":[{"@type":"ReadAction","target":["https:\/\/bartels-conjar.com\/montibex\/"]}]},{"@type":"ImageObject","inLanguage":"en-US","@id":"https:\/\/bartels-conjar.com\/montibex\/#primaryimage","url":"https:\/\/bartels-conjar.com\/wp-content\/uploads\/2026\/04\/treppensteiger-bartels-montibex-180-kg-2.jpg","contentUrl":"https:\/\/bartels-conjar.com\/wp-content\/uploads\/2026\/04\/treppensteiger-bartels-montibex-180-kg-2.jpg","width":1500,"height":1500},{"@type":"BreadcrumbList","@id":"https:\/\/bartels-conjar.com\/montibex\/#breadcrumb","itemListElement":[{"@type":"ListItem","position":1,"name":"Po\u010detna stranica","item":"https:\/\/bartels-conjar.com\/"},{"@type":"ListItem","position":2,"name":"Montibex"}]},{"@type":"WebSite","@id":"https:\/\/bartels-conjar.com\/#website","url":"https:\/\/bartels-conjar.com\/","name":"Bartels Conjar","description":"Profesionalac za Va\u0161e skladi\u0161te","publisher":{"@id":"https:\/\/bartels-conjar.com\/#organization"},"potentialAction":[{"@type":"SearchAction","target":{"@type":"EntryPoint","urlTemplate":"https:\/\/bartels-conjar.com\/?s={search_term_string}"},"query-input":{"@type":"PropertyValueSpecification","valueRequired":true,"valueName":"search_term_string"}}],"inLanguage":"en-US"},{"@type":"Organization","@id":"https:\/\/bartels-conjar.com\/#organization","name":"Bartels Conjar","url":"https:\/\/bartels-conjar.com\/","logo":{"@type":"ImageObject","inLanguage":"en-US","@id":"https:\/\/bartels-conjar.com\/#\/schema\/logo\/image\/","url":"https:\/\/bartels-conjar.com\/wp-content\/uploads\/2022\/05\/bartels-logo-web.png","contentUrl":"https:\/\/bartels-conjar.com\/wp-content\/uploads\/2022\/05\/bartels-logo-web.png","width":660,"height":200,"caption":"Bartels Conjar"},"image":{"@id":"https:\/\/bartels-conjar.com\/#\/schema\/logo\/image\/"},"sameAs":["https:\/\/www.facebook.com\/BartelsConjar\/"]}]}},"_links":{"self":[{"href":"https:\/\/bartels-conjar.com\/en\/wp-json\/wp\/v2\/pages\/6206","targetHints":{"allow":["GET"]}}],"collection":[{"href":"https:\/\/bartels-conjar.com\/en\/wp-json\/wp\/v2\/pages"}],"about":[{"href":"https:\/\/bartels-conjar.com\/en\/wp-json\/wp\/v2\/types\/page"}],"author":[{"embeddable":true,"href":"https:\/\/bartels-conjar.com\/en\/wp-json\/wp\/v2\/users\/1"}],"replies":[{"embeddable":true,"href":"https:\/\/bartels-conjar.com\/en\/wp-json\/wp\/v2\/comments?post=6206"}],"version-history":[{"count":1,"href":"https:\/\/bartels-conjar.com\/en\/wp-json\/wp\/v2\/pages\/6206\/revisions"}],"predecessor-version":[{"id":6219,"href":"https:\/\/bartels-conjar.com\/en\/wp-json\/wp\/v2\/pages\/6206\/revisions\/6219"}],"wp:featuredmedia":[{"embeddable":true,"href":"https:\/\/bartels-conjar.com\/en\/wp-json\/wp\/v2\/media\/6207"}],"wp:attachment":[{"href":"https:\/\/bartels-conjar.com\/en\/wp-json\/wp\/v2\/media?parent=6206"}],"curies":[{"name":"wp","href":"https:\/\/api.w.org\/{rel}","templated":true}]}}