{"id":3719,"date":"2022-06-13T09:51:52","date_gmt":"2022-06-13T07:51:52","guid":{"rendered":"https:\/\/bartels-conjar.com\/novi\/?page_id=3719"},"modified":"2026-04-09T12:33:08","modified_gmt":"2026-04-09T10:33:08","slug":"kontejner-za-sipke-materijale","status":"publish","type":"page","link":"https:\/\/bartels-conjar.com\/en\/kontejner-za-sipke-materijale\/","title":{"rendered":"Container for loose materials"},"content":{"rendered":"<section id=\"bt_section69e3c2bd5a6d1\"  class=\"boldSection bottomSemiSpaced gutter boxed inherit\" ><div class=\"port\"><div class=\"boldCell\"><div class=\"boldCellInner\"><div class=\"boldRow\" ><div class=\"boldRowInner\"><div class=\"rowItem col-md-12 col-ms-12  btTextLeft\"  data-width=\"12\"><div class=\"rowItemContent\" ><header class=\"header btClear large btDash bottomDash  regular\" ><div class=\"btSuperTitle\"><span>Description<\/span><\/div><div class=\"dash\"><h2><span class=\"headline\">Container for loose materials<\/span><\/h2><\/div><div class=\"btSubTitle\">The Bartels-Conjar container separates materials from the cooling liquid using a built-in sieve. Thanks to its wheels and forklift locations, it is ideal for use in the daily production process. This is an ideal container for collecting waste under drills and lathe machines.<\/div><\/header><div class=\"btClear btSeparator topSmallSpaced bottomSmallSpaced noBorder\" ><hr><\/div><div class=\"bpgPhoto btDefaultHoverType\" ><div class = \"btImage\"><img decoding=\"async\" src=\"https:\/\/bartels-conjar.com\/wp-content\/uploads\/2026\/04\/bartels-spaenebehaelter-2.jpg\" alt=\"\" title=\"\"><\/div><\/div><div class=\"btTabs tabsHorizontal\"><ul class=\"tabsHeader\"><li><span>Advantages<\/span><\/li><li><span>Handling<\/span><\/li><li><span>Construction<\/span><\/li><li><span>Technical specifications<\/span><\/li><\/ul><div class=\"tabPanes tabPanesTabs\"><div class=\"tabPane\">\n\t\t\t<div class=\"tabAccordionContent\"><div class=\"btText\" ><\/p>\n<ul>\n<li>Ideal for forklift transport<\/li>\n<li>Economical; thanks to its large volume<\/li>\n<li>Waterproof with built-in sieve and liquid discharge valve<\/li>\n<li>Available in three standard sizes<\/li>\n<\/ul>\n<p>\n<\/div><\/div>\n\t\t<\/div><div class=\"tabPane\">\n\t\t\t<div class=\"tabAccordionContent\"><div class=\"btText\" ><\/p>\n<p>Thanks to the large volume, the container can remain under the machine for a long period of time. The container is quickly emptied using a forklift.<\/p>\n<p>\n<\/div><\/div>\n\t\t<\/div><div class=\"tabPane\">\n\t\t\t<div class=\"tabAccordionContent\"><div class=\"btText\" ><\/p>\n<ul>\n<li>Solid steel structure with transverse reinforcements<\/li>\n<li>Sides are made of one piece of sheet of metal with reinforced edges<\/li>\n<li>Handle for ease of handling<\/li>\n<li>Alternating sieve, 3\/4 &#034; drain valve<\/li>\n<li>Wheels: two fixed and two free wheels with brakes for safe stopping<\/li>\n<li>Standard color: blue container, RAL 5012; red box, RAL 2002<\/li>\n<li>On request: it is possible to make a custom version according to your dimensions and paint is available in all RAL colors<\/li>\n<\/ul>\n<p>\n<\/div><\/div>\n\t\t<\/div><div class=\"tabPane\">\n\t\t\t<div class=\"tabAccordionContent\"><div class=\"btText\" ><\/p>\n<table>\n<thead>\n<tr>\n<th scope=\"col\">Model<\/th>\n<th scope=\"col\">Volume<\/th>\n<th scope=\"col\">Load capacity<\/th>\n<th scope=\"col\">Dimensions<br \/>\n(W \u00d7 L \u00d7 H)<\/th>\n<th scope=\"col\">Fork slots<\/th>\n<th scope=\"col\">Central gap between Fork slots<\/th>\n<th scope=\"col\">Wheels<\/th>\n<\/tr>\n<\/thead>\n<tbody>\n<tr>\n<td data-label=\"Model\">Small<\/td>\n<td data-label=\"Volumen\">1080 litres<\/td>\n<td data-label=\"Nosivost\">1100 kg<\/td>\n<td data-label=\"Dimenzije (\u0160 \u00d7 D \u00d7 V)\">1730 \u00d7 844 \u00d7 1200 mm<\/td>\n<td data-label=\"Utori za vilice\">170 \u00d7 70 mm<\/td>\n<td data-label=\"Centralni razmak izme\u0111u utora za vilice\">450 mm<\/td>\n<td data-label=\"Kota\u010di\">175 \u00d7 48 mm<\/td>\n<\/tr>\n<tr>\n<td data-label=\"Model\">Middle<\/td>\n<td data-label=\"Volumen\">1500 litres<\/td>\n<td data-label=\"Nosivost\">1100 kg<\/td>\n<td data-label=\"Dimenzije (\u0160 \u00d7 D \u00d7 V)\">1940 \u00d7 1080 \u00d7 1300 mm<\/td>\n<td data-label=\"Utori za vilice\">170 \u00d7 70 mm<\/td>\n<td data-label=\"Centralni razmak izme\u0111u utora za vilice\">450 mm<\/td>\n<td data-label=\"Kota\u010di\">200 \u00d7 50 mm<\/td>\n<\/tr>\n<tr>\n<td data-label=\"Model\">Big<\/td>\n<td data-label=\"Volumen\">1800 litres<\/td>\n<td data-label=\"Nosivost\">1100 kg<\/td>\n<td data-label=\"Dimenzije (\u0160 \u00d7 D \u00d7 V)\">1940 \u00d7 1080 \u00d7 1600 mm<\/td>\n<td data-label=\"Utori za vilice\">170 \u00d7 70 mm<\/td>\n<td data-label=\"Centralni razmak izme\u0111u utora za vilice\">450 mm<\/td>\n<td data-label=\"Kota\u010di\">200 \u00d7 50 mm<\/td>\n<\/tr>\n<\/tbody>\n<\/table>\n<p>\n<\/div><\/div>\n\t\t<\/div><\/div><\/div><\/div><\/div><\/div><\/div><div class=\"boldRow\" ><div class=\"boldRowInner\"><div class=\"rowItem col-md-12 col-ms-12  btTextLeft\"  data-width=\"12\"><div class=\"rowItemContent\" ><div class=\"btClear btSeparator topSmallSpaced bottomSmallSpaced border\" ><hr><\/div><div class=\"btClear btSeparator bottomSmallSpaced noBorder\" ><hr><\/div><\/div><\/div><\/div><\/div><div class=\"boldRow\" ><div class=\"boldRowInner\"><div class=\"rowItem col-md-12 col-ms-12  btTextLeft\"  data-width=\"12\"><div class=\"rowItemContent\" ><header class=\"header btClear large btDash bottomDash  regular\" ><div class=\"dash\"><h2><span class=\"headline\">Gallery<\/span><\/h2><\/div><\/header><div class=\"tilesWall btGridGallery tiled  btGridGap-10 lightbox\" data-col=\"4\"><div class=\"gridSizer\"><\/div><div class=\"gridItem btGhostSliderThumb bt11\" data-order-num=\"-1\"><div class=\"btTileBox\"><div class=\"bpgPhoto\" > \r\n\t\t\t\t\t<a href=\"https:\/\/bartels-conjar.com\/wp-content\/uploads\/2026\/04\/bartels-spaenebehaelter-3.jpg\" class=\"lightbox\" data-title=\"\"><\/a>\r\n\t\t\t\t\t<div class=\"boldPhotoBox\"><div class=\"bpbItem\"><div class = \"btImage\"><img decoding=\"async\" src=\"https:\/\/bartels-conjar.com\/wp-content\/uploads\/2026\/04\/bartels-spaenebehaelter-3-640x640.jpg\" alt=\"\" title=\"\"><\/div><\/div><\/div>\r\n\t\t\t\t\t<div class=\"captionPane btDarkSkin btTextCenter\">\r\n\t\t\t\t\t\t<div class=\"captionTable\">\r\n\t\t\t\t\t\t\t<div class=\"captionCell\">\r\n\t\t\t\t\t\t\t\t<div class=\"captionTxt\"><\/div>\r\n\t\t\t\t\t\t\t<\/div>\r\n\t\t\t\t\t\t<\/div>\r\n\t\t\t\t\t<\/div><\/div><\/div><\/div><div class=\"gridItem btGhostSliderThumb bt11\" data-order-num=\"0\"><div class=\"btTileBox\"><div class=\"bpgPhoto\" > \r\n\t\t\t\t\t<a href=\"https:\/\/bartels-conjar.com\/wp-content\/uploads\/2026\/04\/bartels-spaenebehaelter-4.jpg\" class=\"lightbox\" data-title=\"\"><\/a>\r\n\t\t\t\t\t<div class=\"boldPhotoBox\"><div class=\"bpbItem\"><div class = \"btImage\"><img decoding=\"async\" src=\"https:\/\/bartels-conjar.com\/wp-content\/uploads\/2026\/04\/bartels-spaenebehaelter-4-640x640.jpg\" alt=\"\" title=\"\"><\/div><\/div><\/div>\r\n\t\t\t\t\t<div class=\"captionPane btDarkSkin btTextCenter\">\r\n\t\t\t\t\t\t<div class=\"captionTable\">\r\n\t\t\t\t\t\t\t<div class=\"captionCell\">\r\n\t\t\t\t\t\t\t\t<div class=\"captionTxt\"><\/div>\r\n\t\t\t\t\t\t\t<\/div>\r\n\t\t\t\t\t\t<\/div>\r\n\t\t\t\t\t<\/div><\/div><\/div><\/div><div class=\"gridItem btGhostSliderThumb bt11\" data-order-num=\"1\"><div class=\"btTileBox\"><div class=\"bpgPhoto\" > \r\n\t\t\t\t\t<a href=\"https:\/\/bartels-conjar.com\/wp-content\/uploads\/2026\/04\/4072bbfe-1668-411e-a271-e03703e247aa-2026-04-09.png\" class=\"lightbox\" data-title=\"\"><\/a>\r\n\t\t\t\t\t<div class=\"boldPhotoBox\"><div class=\"bpbItem\"><div class = \"btImage\"><img decoding=\"async\" src=\"https:\/\/bartels-conjar.com\/wp-content\/uploads\/2026\/04\/4072bbfe-1668-411e-a271-e03703e247aa-2026-04-09-640x640.png\" alt=\"\" title=\"\"><\/div><\/div><\/div>\r\n\t\t\t\t\t<div class=\"captionPane btDarkSkin btTextCenter\">\r\n\t\t\t\t\t\t<div class=\"captionTable\">\r\n\t\t\t\t\t\t\t<div class=\"captionCell\">\r\n\t\t\t\t\t\t\t\t<div class=\"captionTxt\"><\/div>\r\n\t\t\t\t\t\t\t<\/div>\r\n\t\t\t\t\t\t<\/div>\r\n\t\t\t\t\t<\/div><\/div><\/div><\/div><div class=\"gridItem btGhostSliderThumb bt11\" data-order-num=\"2\"><div class=\"btTileBox\"><div class=\"bpgPhoto\" > \r\n\t\t\t\t\t<a href=\"https:\/\/bartels-conjar.com\/wp-content\/uploads\/2026\/04\/8bb2861a-da2a-475a-9288-8af8f2834812-2026-04-09.png\" class=\"lightbox\" data-title=\"\"><\/a>\r\n\t\t\t\t\t<div class=\"boldPhotoBox\"><div class=\"bpbItem\"><div class = \"btImage\"><img decoding=\"async\" src=\"https:\/\/bartels-conjar.com\/wp-content\/uploads\/2026\/04\/8bb2861a-da2a-475a-9288-8af8f2834812-2026-04-09-640x640.png\" alt=\"\" title=\"\"><\/div><\/div><\/div>\r\n\t\t\t\t\t<div class=\"captionPane btDarkSkin btTextCenter\">\r\n\t\t\t\t\t\t<div class=\"captionTable\">\r\n\t\t\t\t\t\t\t<div class=\"captionCell\">\r\n\t\t\t\t\t\t\t\t<div class=\"captionTxt\"><\/div>\r\n\t\t\t\t\t\t\t<\/div>\r\n\t\t\t\t\t\t<\/div>\r\n\t\t\t\t\t<\/div><\/div><\/div><\/div><div class=\"gridItem btGhostSliderThumb bt11\" data-order-num=\"3\"><div class=\"btTileBox\"><div class=\"bpgPhoto\" > \r\n\t\t\t\t\t<a href=\"https:\/\/bartels-conjar.com\/wp-content\/uploads\/2026\/04\/1d4559b3-4ff0-4251-a689-c00473e66746-2026-04-09.png\" class=\"lightbox\" data-title=\"\"><\/a>\r\n\t\t\t\t\t<div class=\"boldPhotoBox\"><div class=\"bpbItem\"><div class = \"btImage\"><img decoding=\"async\" src=\"https:\/\/bartels-conjar.com\/wp-content\/uploads\/2026\/04\/1d4559b3-4ff0-4251-a689-c00473e66746-2026-04-09-640x640.png\" alt=\"\" title=\"\"><\/div><\/div><\/div>\r\n\t\t\t\t\t<div class=\"captionPane btDarkSkin btTextCenter\">\r\n\t\t\t\t\t\t<div class=\"captionTable\">\r\n\t\t\t\t\t\t\t<div class=\"captionCell\">\r\n\t\t\t\t\t\t\t\t<div class=\"captionTxt\"><\/div>\r\n\t\t\t\t\t\t\t<\/div>\r\n\t\t\t\t\t\t<\/div>\r\n\t\t\t\t\t<\/div><\/div><\/div><\/div><div class=\"gridItem btGhostSliderThumb bt11\" data-order-num=\"4\"><div class=\"btTileBox\"><div class=\"bpgPhoto\" > \r\n\t\t\t\t\t<a href=\"https:\/\/bartels-conjar.com\/wp-content\/uploads\/2026\/04\/24d79814-a287-48f1-998f-7fcf930c8479-2026-04-09.jpeg\" class=\"lightbox\" data-title=\"\"><\/a>\r\n\t\t\t\t\t<div class=\"boldPhotoBox\"><div class=\"bpbItem\"><div class = \"btImage\"><img decoding=\"async\" src=\"https:\/\/bartels-conjar.com\/wp-content\/uploads\/2026\/04\/24d79814-a287-48f1-998f-7fcf930c8479-2026-04-09-640x640.jpeg\" alt=\"\" title=\"\"><\/div><\/div><\/div>\r\n\t\t\t\t\t<div class=\"captionPane btDarkSkin btTextCenter\">\r\n\t\t\t\t\t\t<div class=\"captionTable\">\r\n\t\t\t\t\t\t\t<div class=\"captionCell\">\r\n\t\t\t\t\t\t\t\t<div class=\"captionTxt\"><\/div>\r\n\t\t\t\t\t\t\t<\/div>\r\n\t\t\t\t\t\t<\/div>\r\n\t\t\t\t\t<\/div><\/div><\/div><\/div><\/div><\/div><\/div><\/div><\/div><div class=\"boldRow\" ><div class=\"boldRowInner\"><div class=\"rowItem col-md-12 col-ms-12  btTextLeft\"  data-width=\"12\"><div class=\"rowItemContent\" ><div class=\"btClear btSeparator topSmallSpaced noBorder\" ><hr><\/div><header class=\"header btClear medium btDash bottomDash  regular\" ><div class=\"dash\"><h3><span class=\"headline\">Special versions of containers for loose materials<\/span><\/h3><\/div><\/header><div class=\"btClear btSeparator bottomSmallSpaced noBorder\" ><hr><\/div><\/div><\/div><\/div><\/div><\/div><\/div><\/div><\/section>","protected":false},"excerpt":{"rendered":"","protected":false},"author":1,"featured_media":6322,"parent":0,"menu_order":0,"comment_status":"closed","ping_status":"closed","template":"","meta":{"footnotes":""},"class_list":["post-3719","page","type-page","status-publish","has-post-thumbnail","hentry"],"yoast_head":"<!-- This site is optimized with the Yoast SEO plugin v26.9 - https:\/\/yoast.com\/product\/yoast-seo-wordpress\/ -->\n<title>Kontejner za sipke materijale - Bartels Conjar<\/title>\n<meta name=\"robots\" content=\"index, follow, max-snippet:-1, max-image-preview:large, max-video-preview:-1\" \/>\n<link rel=\"canonical\" href=\"https:\/\/bartels-conjar.com\/en\/kontejner-za-sipke-materijale\/\" \/>\n<meta property=\"og:locale\" content=\"en_US\" \/>\n<meta property=\"og:type\" content=\"article\" \/>\n<meta property=\"og:title\" content=\"Kontejner za sipke materijale - Bartels Conjar\" \/>\n<meta property=\"og:url\" content=\"https:\/\/bartels-conjar.com\/en\/kontejner-za-sipke-materijale\/\" \/>\n<meta property=\"og:site_name\" content=\"Bartels Conjar\" \/>\n<meta property=\"article:publisher\" content=\"https:\/\/www.facebook.com\/BartelsConjar\/\" \/>\n<meta property=\"article:modified_time\" content=\"2026-04-09T10:33:08+00:00\" \/>\n<meta property=\"og:image\" content=\"https:\/\/bartels-conjar.com\/wp-content\/uploads\/2026\/04\/bartels-spaenebehaelter-2.jpg\" \/>\n\t<meta property=\"og:image:width\" content=\"704\" \/>\n\t<meta property=\"og:image:height\" content=\"704\" \/>\n\t<meta property=\"og:image:type\" content=\"image\/jpeg\" \/>\n<meta name=\"twitter:card\" content=\"summary_large_image\" \/>\n<meta name=\"twitter:label1\" content=\"Est. reading time\" \/>\n\t<meta name=\"twitter:data1\" content=\"3 minutes\" \/>\n<script type=\"application\/ld+json\" class=\"yoast-schema-graph\">{\"@context\":\"https:\/\/schema.org\",\"@graph\":[{\"@type\":\"WebPage\",\"@id\":\"https:\/\/bartels-conjar.com\/kontejner-za-sipke-materijale\/\",\"url\":\"https:\/\/bartels-conjar.com\/kontejner-za-sipke-materijale\/\",\"name\":\"Kontejner za sipke materijale - Bartels Conjar\",\"isPartOf\":{\"@id\":\"https:\/\/bartels-conjar.com\/#website\"},\"primaryImageOfPage\":{\"@id\":\"https:\/\/bartels-conjar.com\/kontejner-za-sipke-materijale\/#primaryimage\"},\"image\":{\"@id\":\"https:\/\/bartels-conjar.com\/kontejner-za-sipke-materijale\/#primaryimage\"},\"thumbnailUrl\":\"https:\/\/bartels-conjar.com\/wp-content\/uploads\/2026\/04\/bartels-spaenebehaelter-2.jpg\",\"datePublished\":\"2022-06-13T07:51:52+00:00\",\"dateModified\":\"2026-04-09T10:33:08+00:00\",\"breadcrumb\":{\"@id\":\"https:\/\/bartels-conjar.com\/kontejner-za-sipke-materijale\/#breadcrumb\"},\"inLanguage\":\"en-US\",\"potentialAction\":[{\"@type\":\"ReadAction\",\"target\":[\"https:\/\/bartels-conjar.com\/kontejner-za-sipke-materijale\/\"]}]},{\"@type\":\"ImageObject\",\"inLanguage\":\"en-US\",\"@id\":\"https:\/\/bartels-conjar.com\/kontejner-za-sipke-materijale\/#primaryimage\",\"url\":\"https:\/\/bartels-conjar.com\/wp-content\/uploads\/2026\/04\/bartels-spaenebehaelter-2.jpg\",\"contentUrl\":\"https:\/\/bartels-conjar.com\/wp-content\/uploads\/2026\/04\/bartels-spaenebehaelter-2.jpg\",\"width\":704,\"height\":704},{\"@type\":\"BreadcrumbList\",\"@id\":\"https:\/\/bartels-conjar.com\/kontejner-za-sipke-materijale\/#breadcrumb\",\"itemListElement\":[{\"@type\":\"ListItem\",\"position\":1,\"name\":\"Po\u010detna stranica\",\"item\":\"https:\/\/bartels-conjar.com\/\"},{\"@type\":\"ListItem\",\"position\":2,\"name\":\"Kontejner za sipke materijale\"}]},{\"@type\":\"WebSite\",\"@id\":\"https:\/\/bartels-conjar.com\/#website\",\"url\":\"https:\/\/bartels-conjar.com\/\",\"name\":\"Bartels Conjar\",\"description\":\"Profesionalac za Va\u0161e skladi\u0161te\",\"publisher\":{\"@id\":\"https:\/\/bartels-conjar.com\/#organization\"},\"potentialAction\":[{\"@type\":\"SearchAction\",\"target\":{\"@type\":\"EntryPoint\",\"urlTemplate\":\"https:\/\/bartels-conjar.com\/?s={search_term_string}\"},\"query-input\":{\"@type\":\"PropertyValueSpecification\",\"valueRequired\":true,\"valueName\":\"search_term_string\"}}],\"inLanguage\":\"en-US\"},{\"@type\":\"Organization\",\"@id\":\"https:\/\/bartels-conjar.com\/#organization\",\"name\":\"Bartels Conjar\",\"url\":\"https:\/\/bartels-conjar.com\/\",\"logo\":{\"@type\":\"ImageObject\",\"inLanguage\":\"en-US\",\"@id\":\"https:\/\/bartels-conjar.com\/#\/schema\/logo\/image\/\",\"url\":\"https:\/\/bartels-conjar.com\/wp-content\/uploads\/2022\/05\/bartels-logo-web.png\",\"contentUrl\":\"https:\/\/bartels-conjar.com\/wp-content\/uploads\/2022\/05\/bartels-logo-web.png\",\"width\":660,\"height\":200,\"caption\":\"Bartels Conjar\"},\"image\":{\"@id\":\"https:\/\/bartels-conjar.com\/#\/schema\/logo\/image\/\"},\"sameAs\":[\"https:\/\/www.facebook.com\/BartelsConjar\/\"]}]}<\/script>\n<!-- \/ Yoast SEO plugin. -->","yoast_head_json":{"title":"Kontejner za sipke materijale - Bartels Conjar","robots":{"index":"index","follow":"follow","max-snippet":"max-snippet:-1","max-image-preview":"max-image-preview:large","max-video-preview":"max-video-preview:-1"},"canonical":"https:\/\/bartels-conjar.com\/en\/kontejner-za-sipke-materijale\/","og_locale":"en_US","og_type":"article","og_title":"Kontejner za sipke materijale - Bartels Conjar","og_url":"https:\/\/bartels-conjar.com\/en\/kontejner-za-sipke-materijale\/","og_site_name":"Bartels Conjar","article_publisher":"https:\/\/www.facebook.com\/BartelsConjar\/","article_modified_time":"2026-04-09T10:33:08+00:00","og_image":[{"width":704,"height":704,"url":"https:\/\/bartels-conjar.com\/wp-content\/uploads\/2026\/04\/bartels-spaenebehaelter-2.jpg","type":"image\/jpeg"}],"twitter_card":"summary_large_image","twitter_misc":{"Est. reading time":"3 minutes"},"schema":{"@context":"https:\/\/schema.org","@graph":[{"@type":"WebPage","@id":"https:\/\/bartels-conjar.com\/kontejner-za-sipke-materijale\/","url":"https:\/\/bartels-conjar.com\/kontejner-za-sipke-materijale\/","name":"Kontejner za sipke materijale - Bartels Conjar","isPartOf":{"@id":"https:\/\/bartels-conjar.com\/#website"},"primaryImageOfPage":{"@id":"https:\/\/bartels-conjar.com\/kontejner-za-sipke-materijale\/#primaryimage"},"image":{"@id":"https:\/\/bartels-conjar.com\/kontejner-za-sipke-materijale\/#primaryimage"},"thumbnailUrl":"https:\/\/bartels-conjar.com\/wp-content\/uploads\/2026\/04\/bartels-spaenebehaelter-2.jpg","datePublished":"2022-06-13T07:51:52+00:00","dateModified":"2026-04-09T10:33:08+00:00","breadcrumb":{"@id":"https:\/\/bartels-conjar.com\/kontejner-za-sipke-materijale\/#breadcrumb"},"inLanguage":"en-US","potentialAction":[{"@type":"ReadAction","target":["https:\/\/bartels-conjar.com\/kontejner-za-sipke-materijale\/"]}]},{"@type":"ImageObject","inLanguage":"en-US","@id":"https:\/\/bartels-conjar.com\/kontejner-za-sipke-materijale\/#primaryimage","url":"https:\/\/bartels-conjar.com\/wp-content\/uploads\/2026\/04\/bartels-spaenebehaelter-2.jpg","contentUrl":"https:\/\/bartels-conjar.com\/wp-content\/uploads\/2026\/04\/bartels-spaenebehaelter-2.jpg","width":704,"height":704},{"@type":"BreadcrumbList","@id":"https:\/\/bartels-conjar.com\/kontejner-za-sipke-materijale\/#breadcrumb","itemListElement":[{"@type":"ListItem","position":1,"name":"Po\u010detna stranica","item":"https:\/\/bartels-conjar.com\/"},{"@type":"ListItem","position":2,"name":"Kontejner za sipke materijale"}]},{"@type":"WebSite","@id":"https:\/\/bartels-conjar.com\/#website","url":"https:\/\/bartels-conjar.com\/","name":"Bartels Conjar","description":"Profesionalac za Va\u0161e skladi\u0161te","publisher":{"@id":"https:\/\/bartels-conjar.com\/#organization"},"potentialAction":[{"@type":"SearchAction","target":{"@type":"EntryPoint","urlTemplate":"https:\/\/bartels-conjar.com\/?s={search_term_string}"},"query-input":{"@type":"PropertyValueSpecification","valueRequired":true,"valueName":"search_term_string"}}],"inLanguage":"en-US"},{"@type":"Organization","@id":"https:\/\/bartels-conjar.com\/#organization","name":"Bartels Conjar","url":"https:\/\/bartels-conjar.com\/","logo":{"@type":"ImageObject","inLanguage":"en-US","@id":"https:\/\/bartels-conjar.com\/#\/schema\/logo\/image\/","url":"https:\/\/bartels-conjar.com\/wp-content\/uploads\/2022\/05\/bartels-logo-web.png","contentUrl":"https:\/\/bartels-conjar.com\/wp-content\/uploads\/2022\/05\/bartels-logo-web.png","width":660,"height":200,"caption":"Bartels Conjar"},"image":{"@id":"https:\/\/bartels-conjar.com\/#\/schema\/logo\/image\/"},"sameAs":["https:\/\/www.facebook.com\/BartelsConjar\/"]}]}},"_links":{"self":[{"href":"https:\/\/bartels-conjar.com\/en\/wp-json\/wp\/v2\/pages\/3719","targetHints":{"allow":["GET"]}}],"collection":[{"href":"https:\/\/bartels-conjar.com\/en\/wp-json\/wp\/v2\/pages"}],"about":[{"href":"https:\/\/bartels-conjar.com\/en\/wp-json\/wp\/v2\/types\/page"}],"author":[{"embeddable":true,"href":"https:\/\/bartels-conjar.com\/en\/wp-json\/wp\/v2\/users\/1"}],"replies":[{"embeddable":true,"href":"https:\/\/bartels-conjar.com\/en\/wp-json\/wp\/v2\/comments?post=3719"}],"version-history":[{"count":6,"href":"https:\/\/bartels-conjar.com\/en\/wp-json\/wp\/v2\/pages\/3719\/revisions"}],"predecessor-version":[{"id":6355,"href":"https:\/\/bartels-conjar.com\/en\/wp-json\/wp\/v2\/pages\/3719\/revisions\/6355"}],"wp:featuredmedia":[{"embeddable":true,"href":"https:\/\/bartels-conjar.com\/en\/wp-json\/wp\/v2\/media\/6322"}],"wp:attachment":[{"href":"https:\/\/bartels-conjar.com\/en\/wp-json\/wp\/v2\/media?parent=3719"}],"curies":[{"name":"wp","href":"https:\/\/api.w.org\/{rel}","templated":true}]}}