{"id":3709,"date":"2022-06-13T09:43:44","date_gmt":"2022-06-13T07:43:44","guid":{"rendered":"https:\/\/bartels-conjar.com\/novi\/?page_id=3709"},"modified":"2026-04-09T12:20:26","modified_gmt":"2026-04-09T10:20:26","slug":"kompakt-kontejner","status":"publish","type":"page","link":"https:\/\/bartels-conjar.com\/en\/kompakt-kontejner\/","title":{"rendered":"Compact container"},"content":{"rendered":"<p><section id=\"bt_section69e3a5f157080\"  class=\"boldSection bottomSemiSpaced gutter boxed inherit\" ><div class=\"port\"><div class=\"boldCell\"><div class=\"boldCellInner\"><div class=\"boldRow\" ><div class=\"boldRowInner\"><div class=\"rowItem col-md-12 col-ms-12  btTextLeft\"  data-width=\"12\"><div class=\"rowItemContent\" ><header class=\"header btClear large btDash bottomDash  regular\" ><div class=\"btSuperTitle\"><span>Description<\/span><\/div><div class=\"dash\"><h2><span class=\"headline\">Compact container<\/span><\/h2><\/div><div class=\"btSubTitle\">Thanks to its low height, this container is ideal for production facilities. Compact tipper is an ideal container for collecting different waste materials in production.<\/div><\/header><div class=\"btClear btSeparator topSmallSpaced bottomSmallSpaced noBorder\" ><hr><\/div><div class=\"bpgPhoto btDefaultHoverType\" ><div class = \"btImage\"><img decoding=\"async\" src=\"https:\/\/bartels-conjar.com\/wp-content\/uploads\/2026\/04\/bartels-kompaktkippbehaelter-2.jpg\" alt=\"\" title=\"\"><\/div><\/div><div class=\"btTabs tabsHorizontal\"><ul class=\"tabsHeader\"><li><span>Advantages<\/span><\/li><li><span>Handling<\/span><\/li><li><span>Construction<\/span><\/li><li><span>Technical specifications<\/span><\/li><\/ul><div class=\"tabPanes tabPanesTabs\"><div class=\"tabPane\">\n\t\t\t<div class=\"tabAccordionContent\"><div class=\"btText\" ><\/p>\n<ul>\n<li>Compact design with low height<\/li>\n<li>Safe handling thanks to the optimal center of gravity<\/li>\n<li>Quick and easy to clean with the help of the steel cable<\/li>\n<li>Discharge from the forklift cabin<\/li>\n<\/ul>\n<p>\n<\/div><\/div>\n\t\t<\/div><div class=\"tabPane\">\n\t\t\t<div class=\"tabAccordionContent\"><div class=\"btText\" ><\/p>\n<p>When emptying the container automatically tilts forward and the waste material falls freely outside. After complete emptying, the container automatically returns to the starting position.<\/p>\n<p>\n<\/div><\/div>\n\t\t<\/div><div class=\"tabPane\">\n\t\t\t<div class=\"tabAccordionContent\"><div class=\"btText\" ><\/p>\n<ul>\n<li>Solid steel structure with transverse reinforcements<\/li>\n<li>Sides are made of one piece of sheet of metal with reinforced edges<\/li>\n<li>Safety locking mechanism<\/li>\n<li>Standard color: blue container, RAL 5012; red box, RAL 2002<\/li>\n<li>On request: it is possible to make a custom version according to your dimensions and paint is available in all RAL colors<\/li>\n<\/ul>\n<p>\n<\/div><\/div>\n\t\t<\/div><div class=\"tabPane\">\n\t\t\t<div class=\"tabAccordionContent\"><div class=\"btText\" ><\/p>\n<table>\n<thead>\n<tr>\n<th scope=\"col\">Model<\/th>\n<th scope=\"col\">Load capacity<\/th>\n<th scope=\"col\">Dimensions<br \/>\n(W \u00d7 L \u00d7 H)<\/th>\n<th scope=\"col\">Fork slots<\/th>\n<th scope=\"col\">Central gap between Fork slots<\/th>\n<th scope=\"col\">Weight<\/th>\n<\/tr>\n<\/thead>\n<tbody>\n<tr>\n<td data-label=\"Model\">KKB 30<\/td>\n<td data-label=\"Nosivost\">1000 kg<\/td>\n<td data-label=\"Dimenzije (\u0160 \u00d7 D \u00d7 V)\">676 \u00d7 1412 \u00d7 575 mm<\/td>\n<td data-label=\"Utori za vilice\">200 \u00d7 60 mm<\/td>\n<td data-label=\"Centralni razmak izme\u0111u utora za vilice\">310 mm<\/td>\n<td data-label=\"Te\u017eina\">100 kg<\/td>\n<\/tr>\n<tr>\n<td data-label=\"Model\">KKB 50<\/td>\n<td data-label=\"Nosivost\">1500 kg<\/td>\n<td data-label=\"Dimenzije (\u0160 \u00d7 D \u00d7 V)\">786 \u00d7 1412 \u00d7 765 mm<\/td>\n<td data-label=\"Utori za vilice\">200 \u00d7 60 mm<\/td>\n<td data-label=\"Centralni razmak izme\u0111u utora za vilice\">400 mm<\/td>\n<td data-label=\"Te\u017eina\">120 kg<\/td>\n<\/tr>\n<tr>\n<td data-label=\"Model\">KKB 75<\/td>\n<td data-label=\"Nosivost\">1500 kg<\/td>\n<td data-label=\"Dimenzije (\u0160 \u00d7 D \u00d7 V)\">1136 \u00d7 1412 \u00d7 765 mm<\/td>\n<td data-label=\"Utori za vilice\">200 \u00d7 60 mm<\/td>\n<td data-label=\"Centralni razmak izme\u0111u utora za vilice\">600 mm<\/td>\n<td data-label=\"Te\u017eina\">145 kg<\/td>\n<\/tr>\n<\/tbody>\n<\/table>\n<p>\n<\/div><\/div>\n\t\t<\/div><\/div><\/div><\/div><\/div><\/div><\/div><div class=\"boldRow\" ><div class=\"boldRowInner\"><div class=\"rowItem col-md-12 col-ms-12  btTextLeft\"  data-width=\"12\"><div class=\"rowItemContent\" ><div class=\"btClear btSeparator topSmallSpaced bottomSmallSpaced border\" ><hr><\/div><div class=\"btClear btSeparator bottomSmallSpaced noBorder\" ><hr><\/div><\/div><\/div><\/div><\/div><div class=\"boldRow\" ><div class=\"boldRowInner\"><div class=\"rowItem col-md-12 col-ms-12  btTextLeft\"  data-width=\"12\"><div class=\"rowItemContent\" ><header class=\"header btClear large btDash bottomDash  regular\" ><div class=\"dash\"><h2><span class=\"headline\">Gallery<\/span><\/h2><\/div><\/header><div class=\"tilesWall btGridGallery tiled  btGridGap-10 lightbox\" data-col=\"4\"><div class=\"gridSizer\"><\/div><div class=\"gridItem btGhostSliderThumb bt11\" data-order-num=\"-1\"><div class=\"btTileBox\"><div class=\"bpgPhoto\" > \r\n\t\t\t\t\t<a href=\"https:\/\/bartels-conjar.com\/wp-content\/uploads\/2026\/04\/bartels-kompaktkippbehaelter-3.jpg\" class=\"lightbox\" data-title=\"\"><\/a>\r\n\t\t\t\t\t<div class=\"boldPhotoBox\"><div class=\"bpbItem\"><div class = \"btImage\"><img decoding=\"async\" src=\"https:\/\/bartels-conjar.com\/wp-content\/uploads\/2026\/04\/bartels-kompaktkippbehaelter-3-640x640.jpg\" alt=\"\" title=\"\"><\/div><\/div><\/div>\r\n\t\t\t\t\t<div class=\"captionPane btDarkSkin btTextCenter\">\r\n\t\t\t\t\t\t<div class=\"captionTable\">\r\n\t\t\t\t\t\t\t<div class=\"captionCell\">\r\n\t\t\t\t\t\t\t\t<div class=\"captionTxt\"><\/div>\r\n\t\t\t\t\t\t\t<\/div>\r\n\t\t\t\t\t\t<\/div>\r\n\t\t\t\t\t<\/div><\/div><\/div><\/div><div class=\"gridItem btGhostSliderThumb bt11\" data-order-num=\"0\"><div class=\"btTileBox\"><div class=\"bpgPhoto\" > \r\n\t\t\t\t\t<a href=\"https:\/\/bartels-conjar.com\/wp-content\/uploads\/2026\/04\/bartels-kompaktkippbehaelter-8.jpg\" class=\"lightbox\" data-title=\"\"><\/a>\r\n\t\t\t\t\t<div class=\"boldPhotoBox\"><div class=\"bpbItem\"><div class = \"btImage\"><img decoding=\"async\" src=\"https:\/\/bartels-conjar.com\/wp-content\/uploads\/2026\/04\/bartels-kompaktkippbehaelter-8-640x640.jpg\" alt=\"\" title=\"\"><\/div><\/div><\/div>\r\n\t\t\t\t\t<div class=\"captionPane btDarkSkin btTextCenter\">\r\n\t\t\t\t\t\t<div class=\"captionTable\">\r\n\t\t\t\t\t\t\t<div class=\"captionCell\">\r\n\t\t\t\t\t\t\t\t<div class=\"captionTxt\"><\/div>\r\n\t\t\t\t\t\t\t<\/div>\r\n\t\t\t\t\t\t<\/div>\r\n\t\t\t\t\t<\/div><\/div><\/div><\/div><div class=\"gridItem btGhostSliderThumb bt11\" data-order-num=\"1\"><div class=\"btTileBox\"><div class=\"bpgPhoto\" > \r\n\t\t\t\t\t<a href=\"https:\/\/bartels-conjar.com\/wp-content\/uploads\/2026\/04\/bartels-kompaktkippbehaelter-6.jpg\" class=\"lightbox\" data-title=\"\"><\/a>\r\n\t\t\t\t\t<div class=\"boldPhotoBox\"><div class=\"bpbItem\"><div class = \"btImage\"><img decoding=\"async\" src=\"https:\/\/bartels-conjar.com\/wp-content\/uploads\/2026\/04\/bartels-kompaktkippbehaelter-6-640x640.jpg\" alt=\"\" title=\"\"><\/div><\/div><\/div>\r\n\t\t\t\t\t<div class=\"captionPane btDarkSkin btTextCenter\">\r\n\t\t\t\t\t\t<div class=\"captionTable\">\r\n\t\t\t\t\t\t\t<div class=\"captionCell\">\r\n\t\t\t\t\t\t\t\t<div class=\"captionTxt\"><\/div>\r\n\t\t\t\t\t\t\t<\/div>\r\n\t\t\t\t\t\t<\/div>\r\n\t\t\t\t\t<\/div><\/div><\/div><\/div><div class=\"gridItem btGhostSliderThumb bt11\" data-order-num=\"2\"><div class=\"btTileBox\"><div class=\"bpgPhoto\" > \r\n\t\t\t\t\t<a href=\"https:\/\/bartels-conjar.com\/wp-content\/uploads\/2026\/04\/kompakt-kippbehaelter-500-3.jpg\" class=\"lightbox\" data-title=\"\"><\/a>\r\n\t\t\t\t\t<div class=\"boldPhotoBox\"><div class=\"bpbItem\"><div class = \"btImage\"><img decoding=\"async\" src=\"https:\/\/bartels-conjar.com\/wp-content\/uploads\/2026\/04\/kompakt-kippbehaelter-500-3-640x640.jpg\" alt=\"\" title=\"\"><\/div><\/div><\/div>\r\n\t\t\t\t\t<div class=\"captionPane btDarkSkin btTextCenter\">\r\n\t\t\t\t\t\t<div class=\"captionTable\">\r\n\t\t\t\t\t\t\t<div class=\"captionCell\">\r\n\t\t\t\t\t\t\t\t<div class=\"captionTxt\"><\/div>\r\n\t\t\t\t\t\t\t<\/div>\r\n\t\t\t\t\t\t<\/div>\r\n\t\t\t\t\t<\/div><\/div><\/div><\/div><div class=\"gridItem btGhostSliderThumb bt11\" data-order-num=\"3\"><div class=\"btTileBox\"><div class=\"bpgPhoto\" > \r\n\t\t\t\t\t<a href=\"https:\/\/bartels-conjar.com\/wp-content\/uploads\/2026\/04\/kompakt-kippbehaelter-500-2.jpg\" class=\"lightbox\" data-title=\"\"><\/a>\r\n\t\t\t\t\t<div class=\"boldPhotoBox\"><div class=\"bpbItem\"><div class = \"btImage\"><img decoding=\"async\" src=\"https:\/\/bartels-conjar.com\/wp-content\/uploads\/2026\/04\/kompakt-kippbehaelter-500-2-640x640.jpg\" alt=\"\" title=\"\"><\/div><\/div><\/div>\r\n\t\t\t\t\t<div class=\"captionPane btDarkSkin btTextCenter\">\r\n\t\t\t\t\t\t<div class=\"captionTable\">\r\n\t\t\t\t\t\t\t<div class=\"captionCell\">\r\n\t\t\t\t\t\t\t\t<div class=\"captionTxt\"><\/div>\r\n\t\t\t\t\t\t\t<\/div>\r\n\t\t\t\t\t\t<\/div>\r\n\t\t\t\t\t<\/div><\/div><\/div><\/div><div class=\"gridItem btGhostSliderThumb bt11\" data-order-num=\"4\"><div class=\"btTileBox\"><div class=\"bpgPhoto\" > \r\n\t\t\t\t\t<a href=\"https:\/\/bartels-conjar.com\/wp-content\/uploads\/2026\/04\/kompakt-kippbehaelter-500-1.jpg\" class=\"lightbox\" data-title=\"\"><\/a>\r\n\t\t\t\t\t<div class=\"boldPhotoBox\"><div class=\"bpbItem\"><div class = \"btImage\"><img decoding=\"async\" src=\"https:\/\/bartels-conjar.com\/wp-content\/uploads\/2026\/04\/kompakt-kippbehaelter-500-1-640x640.jpg\" alt=\"\" title=\"\"><\/div><\/div><\/div>\r\n\t\t\t\t\t<div class=\"captionPane btDarkSkin btTextCenter\">\r\n\t\t\t\t\t\t<div class=\"captionTable\">\r\n\t\t\t\t\t\t\t<div class=\"captionCell\">\r\n\t\t\t\t\t\t\t\t<div class=\"captionTxt\"><\/div>\r\n\t\t\t\t\t\t\t<\/div>\r\n\t\t\t\t\t\t<\/div>\r\n\t\t\t\t\t<\/div><\/div><\/div><\/div><div class=\"gridItem btGhostSliderThumb bt11\" data-order-num=\"5\"><div class=\"btTileBox\"><div class=\"bpgPhoto\" > \r\n\t\t\t\t\t<a href=\"https:\/\/bartels-conjar.com\/wp-content\/uploads\/2026\/04\/kompakt-kippbehaelter-500.jpg\" class=\"lightbox\" data-title=\"\"><\/a>\r\n\t\t\t\t\t<div class=\"boldPhotoBox\"><div class=\"bpbItem\"><div class = \"btImage\"><img decoding=\"async\" src=\"https:\/\/bartels-conjar.com\/wp-content\/uploads\/2026\/04\/kompakt-kippbehaelter-500-640x640.jpg\" alt=\"\" title=\"\"><\/div><\/div><\/div>\r\n\t\t\t\t\t<div class=\"captionPane btDarkSkin btTextCenter\">\r\n\t\t\t\t\t\t<div class=\"captionTable\">\r\n\t\t\t\t\t\t\t<div class=\"captionCell\">\r\n\t\t\t\t\t\t\t\t<div class=\"captionTxt\"><\/div>\r\n\t\t\t\t\t\t\t<\/div>\r\n\t\t\t\t\t\t<\/div>\r\n\t\t\t\t\t<\/div><\/div><\/div><\/div><div class=\"gridItem btGhostSliderThumb bt11\" data-order-num=\"6\"><div class=\"btTileBox\"><div class=\"bpgPhoto\" > \r\n\t\t\t\t\t<a href=\"https:\/\/bartels-conjar.com\/wp-content\/uploads\/2026\/04\/bartels-kompaktkippbehaelter-5.jpg\" class=\"lightbox\" data-title=\"\"><\/a>\r\n\t\t\t\t\t<div class=\"boldPhotoBox\"><div class=\"bpbItem\"><div class = \"btImage\"><img decoding=\"async\" src=\"https:\/\/bartels-conjar.com\/wp-content\/uploads\/2026\/04\/bartels-kompaktkippbehaelter-5-640x640.jpg\" alt=\"\" title=\"\"><\/div><\/div><\/div>\r\n\t\t\t\t\t<div class=\"captionPane btDarkSkin btTextCenter\">\r\n\t\t\t\t\t\t<div class=\"captionTable\">\r\n\t\t\t\t\t\t\t<div class=\"captionCell\">\r\n\t\t\t\t\t\t\t\t<div class=\"captionTxt\"><\/div>\r\n\t\t\t\t\t\t\t<\/div>\r\n\t\t\t\t\t\t<\/div>\r\n\t\t\t\t\t<\/div><\/div><\/div><\/div><div class=\"gridItem btGhostSliderThumb bt11\" data-order-num=\"7\"><div class=\"btTileBox\"><div class=\"bpgPhoto\" > \r\n\t\t\t\t\t<a href=\"https:\/\/bartels-conjar.com\/wp-content\/uploads\/2026\/04\/bartels-kompaktkippbehaelter-4.jpg\" class=\"lightbox\" data-title=\"\"><\/a>\r\n\t\t\t\t\t<div class=\"boldPhotoBox\"><div class=\"bpbItem\"><div class = \"btImage\"><img decoding=\"async\" src=\"https:\/\/bartels-conjar.com\/wp-content\/uploads\/2026\/04\/bartels-kompaktkippbehaelter-4-640x640.jpg\" alt=\"\" title=\"\"><\/div><\/div><\/div>\r\n\t\t\t\t\t<div class=\"captionPane btDarkSkin btTextCenter\">\r\n\t\t\t\t\t\t<div class=\"captionTable\">\r\n\t\t\t\t\t\t\t<div class=\"captionCell\">\r\n\t\t\t\t\t\t\t\t<div class=\"captionTxt\"><\/div>\r\n\t\t\t\t\t\t\t<\/div>\r\n\t\t\t\t\t\t<\/div>\r\n\t\t\t\t\t<\/div><\/div><\/div><\/div><div class=\"gridItem btGhostSliderThumb bt11\" data-order-num=\"8\"><div class=\"btTileBox\"><div class=\"bpgPhoto\" > \r\n\t\t\t\t\t<a href=\"https:\/\/bartels-conjar.com\/wp-content\/uploads\/2026\/04\/bartels-kompaktkippbehaelter-7.jpg\" class=\"lightbox\" data-title=\"\"><\/a>\r\n\t\t\t\t\t<div class=\"boldPhotoBox\"><div class=\"bpbItem\"><div class = \"btImage\"><img decoding=\"async\" src=\"https:\/\/bartels-conjar.com\/wp-content\/uploads\/2026\/04\/bartels-kompaktkippbehaelter-7-640x640.jpg\" alt=\"\" title=\"\"><\/div><\/div><\/div>\r\n\t\t\t\t\t<div class=\"captionPane btDarkSkin btTextCenter\">\r\n\t\t\t\t\t\t<div class=\"captionTable\">\r\n\t\t\t\t\t\t\t<div class=\"captionCell\">\r\n\t\t\t\t\t\t\t\t<div class=\"captionTxt\"><\/div>\r\n\t\t\t\t\t\t\t<\/div>\r\n\t\t\t\t\t\t<\/div>\r\n\t\t\t\t\t<\/div><\/div><\/div><\/div><\/div><\/div><\/div><\/div><\/div><div class=\"boldRow\" ><div class=\"boldRowInner\"><div class=\"rowItem col-md-12 col-ms-12  btTextLeft\"  data-width=\"12\"><div class=\"rowItemContent\" ><div class=\"btClear btSeparator topSmallSpaced noBorder\" ><hr><\/div><header class=\"header btClear medium btDash bottomDash  regular\" ><div class=\"dash\"><h3><span class=\"headline\">Special versions of compact containers<\/span><\/h3><\/div><\/header><div class=\"btClear btSeparator bottomSmallSpaced noBorder\" ><hr><\/div><\/div><\/div><\/div><\/div><\/div><\/div><\/div><\/section><\/li>\n<\/ul>\n<\/li>\n<\/ul>\n<\/li>\n<\/ul>\n<\/li>\n<\/ul>","protected":false},"excerpt":{"rendered":"","protected":false},"author":1,"featured_media":6297,"parent":0,"menu_order":0,"comment_status":"closed","ping_status":"closed","template":"","meta":{"footnotes":""},"class_list":["post-3709","page","type-page","status-publish","has-post-thumbnail","hentry"],"yoast_head":"<!-- This site is optimized with the Yoast SEO plugin v26.9 - https:\/\/yoast.com\/product\/yoast-seo-wordpress\/ -->\n<title>Kompakt kontejner - Bartels Conjar<\/title>\n<meta name=\"robots\" content=\"index, follow, max-snippet:-1, max-image-preview:large, max-video-preview:-1\" \/>\n<link rel=\"canonical\" href=\"https:\/\/bartels-conjar.com\/en\/kompakt-kontejner\/\" \/>\n<meta property=\"og:locale\" content=\"en_US\" \/>\n<meta property=\"og:type\" content=\"article\" \/>\n<meta property=\"og:title\" content=\"Kompakt kontejner - Bartels Conjar\" \/>\n<meta property=\"og:url\" content=\"https:\/\/bartels-conjar.com\/en\/kompakt-kontejner\/\" \/>\n<meta property=\"og:site_name\" content=\"Bartels Conjar\" \/>\n<meta property=\"article:publisher\" content=\"https:\/\/www.facebook.com\/BartelsConjar\/\" \/>\n<meta property=\"article:modified_time\" content=\"2026-04-09T10:20:26+00:00\" \/>\n<meta property=\"og:image\" content=\"https:\/\/bartels-conjar.com\/wp-content\/uploads\/2026\/04\/bartels-kompaktkippbehaelter-2.jpg\" \/>\n\t<meta property=\"og:image:width\" content=\"824\" \/>\n\t<meta property=\"og:image:height\" content=\"824\" \/>\n\t<meta property=\"og:image:type\" content=\"image\/jpeg\" \/>\n<meta name=\"twitter:card\" content=\"summary_large_image\" \/>\n<meta name=\"twitter:label1\" content=\"Est. reading time\" \/>\n\t<meta name=\"twitter:data1\" content=\"3 minutes\" \/>\n<script type=\"application\/ld+json\" class=\"yoast-schema-graph\">{\"@context\":\"https:\/\/schema.org\",\"@graph\":[{\"@type\":\"WebPage\",\"@id\":\"https:\/\/bartels-conjar.com\/kompakt-kontejner\/\",\"url\":\"https:\/\/bartels-conjar.com\/kompakt-kontejner\/\",\"name\":\"Kompakt kontejner - Bartels Conjar\",\"isPartOf\":{\"@id\":\"https:\/\/bartels-conjar.com\/#website\"},\"primaryImageOfPage\":{\"@id\":\"https:\/\/bartels-conjar.com\/kompakt-kontejner\/#primaryimage\"},\"image\":{\"@id\":\"https:\/\/bartels-conjar.com\/kompakt-kontejner\/#primaryimage\"},\"thumbnailUrl\":\"https:\/\/bartels-conjar.com\/wp-content\/uploads\/2026\/04\/bartels-kompaktkippbehaelter-2.jpg\",\"datePublished\":\"2022-06-13T07:43:44+00:00\",\"dateModified\":\"2026-04-09T10:20:26+00:00\",\"breadcrumb\":{\"@id\":\"https:\/\/bartels-conjar.com\/kompakt-kontejner\/#breadcrumb\"},\"inLanguage\":\"en-US\",\"potentialAction\":[{\"@type\":\"ReadAction\",\"target\":[\"https:\/\/bartels-conjar.com\/kompakt-kontejner\/\"]}]},{\"@type\":\"ImageObject\",\"inLanguage\":\"en-US\",\"@id\":\"https:\/\/bartels-conjar.com\/kompakt-kontejner\/#primaryimage\",\"url\":\"https:\/\/bartels-conjar.com\/wp-content\/uploads\/2026\/04\/bartels-kompaktkippbehaelter-2.jpg\",\"contentUrl\":\"https:\/\/bartels-conjar.com\/wp-content\/uploads\/2026\/04\/bartels-kompaktkippbehaelter-2.jpg\",\"width\":824,\"height\":824},{\"@type\":\"BreadcrumbList\",\"@id\":\"https:\/\/bartels-conjar.com\/kompakt-kontejner\/#breadcrumb\",\"itemListElement\":[{\"@type\":\"ListItem\",\"position\":1,\"name\":\"Po\u010detna stranica\",\"item\":\"https:\/\/bartels-conjar.com\/\"},{\"@type\":\"ListItem\",\"position\":2,\"name\":\"Kompakt kontejner\"}]},{\"@type\":\"WebSite\",\"@id\":\"https:\/\/bartels-conjar.com\/#website\",\"url\":\"https:\/\/bartels-conjar.com\/\",\"name\":\"Bartels Conjar\",\"description\":\"Profesionalac za Va\u0161e skladi\u0161te\",\"publisher\":{\"@id\":\"https:\/\/bartels-conjar.com\/#organization\"},\"potentialAction\":[{\"@type\":\"SearchAction\",\"target\":{\"@type\":\"EntryPoint\",\"urlTemplate\":\"https:\/\/bartels-conjar.com\/?s={search_term_string}\"},\"query-input\":{\"@type\":\"PropertyValueSpecification\",\"valueRequired\":true,\"valueName\":\"search_term_string\"}}],\"inLanguage\":\"en-US\"},{\"@type\":\"Organization\",\"@id\":\"https:\/\/bartels-conjar.com\/#organization\",\"name\":\"Bartels Conjar\",\"url\":\"https:\/\/bartels-conjar.com\/\",\"logo\":{\"@type\":\"ImageObject\",\"inLanguage\":\"en-US\",\"@id\":\"https:\/\/bartels-conjar.com\/#\/schema\/logo\/image\/\",\"url\":\"https:\/\/bartels-conjar.com\/wp-content\/uploads\/2022\/05\/bartels-logo-web.png\",\"contentUrl\":\"https:\/\/bartels-conjar.com\/wp-content\/uploads\/2022\/05\/bartels-logo-web.png\",\"width\":660,\"height\":200,\"caption\":\"Bartels Conjar\"},\"image\":{\"@id\":\"https:\/\/bartels-conjar.com\/#\/schema\/logo\/image\/\"},\"sameAs\":[\"https:\/\/www.facebook.com\/BartelsConjar\/\"]}]}<\/script>\n<!-- \/ Yoast SEO plugin. -->","yoast_head_json":{"title":"Kompakt kontejner - Bartels Conjar","robots":{"index":"index","follow":"follow","max-snippet":"max-snippet:-1","max-image-preview":"max-image-preview:large","max-video-preview":"max-video-preview:-1"},"canonical":"https:\/\/bartels-conjar.com\/en\/kompakt-kontejner\/","og_locale":"en_US","og_type":"article","og_title":"Kompakt kontejner - Bartels Conjar","og_url":"https:\/\/bartels-conjar.com\/en\/kompakt-kontejner\/","og_site_name":"Bartels Conjar","article_publisher":"https:\/\/www.facebook.com\/BartelsConjar\/","article_modified_time":"2026-04-09T10:20:26+00:00","og_image":[{"width":824,"height":824,"url":"https:\/\/bartels-conjar.com\/wp-content\/uploads\/2026\/04\/bartels-kompaktkippbehaelter-2.jpg","type":"image\/jpeg"}],"twitter_card":"summary_large_image","twitter_misc":{"Est. reading time":"3 minutes"},"schema":{"@context":"https:\/\/schema.org","@graph":[{"@type":"WebPage","@id":"https:\/\/bartels-conjar.com\/kompakt-kontejner\/","url":"https:\/\/bartels-conjar.com\/kompakt-kontejner\/","name":"Kompakt kontejner - Bartels Conjar","isPartOf":{"@id":"https:\/\/bartels-conjar.com\/#website"},"primaryImageOfPage":{"@id":"https:\/\/bartels-conjar.com\/kompakt-kontejner\/#primaryimage"},"image":{"@id":"https:\/\/bartels-conjar.com\/kompakt-kontejner\/#primaryimage"},"thumbnailUrl":"https:\/\/bartels-conjar.com\/wp-content\/uploads\/2026\/04\/bartels-kompaktkippbehaelter-2.jpg","datePublished":"2022-06-13T07:43:44+00:00","dateModified":"2026-04-09T10:20:26+00:00","breadcrumb":{"@id":"https:\/\/bartels-conjar.com\/kompakt-kontejner\/#breadcrumb"},"inLanguage":"en-US","potentialAction":[{"@type":"ReadAction","target":["https:\/\/bartels-conjar.com\/kompakt-kontejner\/"]}]},{"@type":"ImageObject","inLanguage":"en-US","@id":"https:\/\/bartels-conjar.com\/kompakt-kontejner\/#primaryimage","url":"https:\/\/bartels-conjar.com\/wp-content\/uploads\/2026\/04\/bartels-kompaktkippbehaelter-2.jpg","contentUrl":"https:\/\/bartels-conjar.com\/wp-content\/uploads\/2026\/04\/bartels-kompaktkippbehaelter-2.jpg","width":824,"height":824},{"@type":"BreadcrumbList","@id":"https:\/\/bartels-conjar.com\/kompakt-kontejner\/#breadcrumb","itemListElement":[{"@type":"ListItem","position":1,"name":"Po\u010detna stranica","item":"https:\/\/bartels-conjar.com\/"},{"@type":"ListItem","position":2,"name":"Kompakt kontejner"}]},{"@type":"WebSite","@id":"https:\/\/bartels-conjar.com\/#website","url":"https:\/\/bartels-conjar.com\/","name":"Bartels Conjar","description":"Profesionalac za Va\u0161e skladi\u0161te","publisher":{"@id":"https:\/\/bartels-conjar.com\/#organization"},"potentialAction":[{"@type":"SearchAction","target":{"@type":"EntryPoint","urlTemplate":"https:\/\/bartels-conjar.com\/?s={search_term_string}"},"query-input":{"@type":"PropertyValueSpecification","valueRequired":true,"valueName":"search_term_string"}}],"inLanguage":"en-US"},{"@type":"Organization","@id":"https:\/\/bartels-conjar.com\/#organization","name":"Bartels Conjar","url":"https:\/\/bartels-conjar.com\/","logo":{"@type":"ImageObject","inLanguage":"en-US","@id":"https:\/\/bartels-conjar.com\/#\/schema\/logo\/image\/","url":"https:\/\/bartels-conjar.com\/wp-content\/uploads\/2022\/05\/bartels-logo-web.png","contentUrl":"https:\/\/bartels-conjar.com\/wp-content\/uploads\/2022\/05\/bartels-logo-web.png","width":660,"height":200,"caption":"Bartels Conjar"},"image":{"@id":"https:\/\/bartels-conjar.com\/#\/schema\/logo\/image\/"},"sameAs":["https:\/\/www.facebook.com\/BartelsConjar\/"]}]}},"_links":{"self":[{"href":"https:\/\/bartels-conjar.com\/en\/wp-json\/wp\/v2\/pages\/3709","targetHints":{"allow":["GET"]}}],"collection":[{"href":"https:\/\/bartels-conjar.com\/en\/wp-json\/wp\/v2\/pages"}],"about":[{"href":"https:\/\/bartels-conjar.com\/en\/wp-json\/wp\/v2\/types\/page"}],"author":[{"embeddable":true,"href":"https:\/\/bartels-conjar.com\/en\/wp-json\/wp\/v2\/users\/1"}],"replies":[{"embeddable":true,"href":"https:\/\/bartels-conjar.com\/en\/wp-json\/wp\/v2\/comments?post=3709"}],"version-history":[{"count":12,"href":"https:\/\/bartels-conjar.com\/en\/wp-json\/wp\/v2\/pages\/3709\/revisions"}],"predecessor-version":[{"id":6315,"href":"https:\/\/bartels-conjar.com\/en\/wp-json\/wp\/v2\/pages\/3709\/revisions\/6315"}],"wp:featuredmedia":[{"embeddable":true,"href":"https:\/\/bartels-conjar.com\/en\/wp-json\/wp\/v2\/media\/6297"}],"wp:attachment":[{"href":"https:\/\/bartels-conjar.com\/en\/wp-json\/wp\/v2\/media?parent=3709"}],"curies":[{"name":"wp","href":"https:\/\/api.w.org\/{rel}","templated":true}]}}