{"id":3690,"date":"2022-06-13T09:24:53","date_gmt":"2022-06-13T07:24:53","guid":{"rendered":"https:\/\/bartels-conjar.com\/novi\/?page_id=3690"},"modified":"2026-04-09T11:51:20","modified_gmt":"2026-04-09T09:51:20","slug":"samokipajuci-kontejner-s-bocnim-stitnikom","status":"publish","type":"page","link":"https:\/\/bartels-conjar.com\/en\/samokipajuci-kontejner-s-bocnim-stitnikom\/","title":{"rendered":"Self-tipping container with side guard"},"content":{"rendered":"<section id=\"bt_section69e3c22ed01ed\"  class=\"boldSection bottomSemiSpaced gutter boxed inherit\" ><div class=\"port\"><div class=\"boldCell\"><div class=\"boldCellInner\"><div class=\"boldRow\" ><div class=\"boldRowInner\"><div class=\"rowItem col-md-12 col-ms-12  btTextLeft\"  data-width=\"12\"><div class=\"rowItemContent\" ><header class=\"header btClear large btDash bottomDash  regular\" ><div class=\"btSuperTitle\"><span>Description<\/span><\/div><div class=\"dash\"><h2><span class=\"headline\">Self-tipping container with side guard<\/span><\/h2><\/div><div class=\"btSubTitle\">Self-tipping container has various uses in the everyday production process, for example as a conveyor for waste materials or as a means of Transport for bulk and small parts. The container has a capacity of up to 2000 liters and a load capacity of 3000 kg. The Bartels-Conjar container is produced in our production facilities, and can be self-tipping, self-loading and secured with a safety handle.<\/p><br><p>With the automatic handle, the driver of the forklift can empty the container from the cabin at high altitudes without an additional pull cable.<\/div><\/header><div class=\"btClear btSeparator topSmallSpaced bottomSmallSpaced noBorder\" ><hr><\/div><div class=\"bpgPhoto btDefaultHoverType\" ><div class = \"btImage\"><img decoding=\"async\" src=\"https:\/\/bartels-conjar.com\/wp-content\/uploads\/2026\/04\/selbstkipper-mit-seitenschutz-2-640x640-1.jpg\" alt=\"\" title=\"\"><\/div><\/div><div class=\"btTabs tabsHorizontal\"><ul class=\"tabsHeader\"><li><span>Advantages<\/span><\/li><li><span>Handling<\/span><\/li><li><span>Construction<\/span><\/li><li><span>Technical specifications<\/span><\/li><\/ul><div class=\"tabPanes tabPanesTabs\"><div class=\"tabPane\">\n\t\t\t<div class=\"tabAccordionContent\"><div class=\"btText\" ><\/p>\n<ul>\n<li>Ideal for collecting and transporting waste material produced in the product process<\/li>\n<li>Thanks to the Rollo mechanism there is no impact on the lifting structure of the forklift<\/li>\n<li>The mechanism is protected by side guards<\/li>\n<li>The safety chain prevents the container from falling off the forklift<\/li>\n<\/ul>\n<p>\n<\/div><\/div>\n\t\t<\/div><div class=\"tabPane\">\n\t\t\t<div class=\"tabAccordionContent\"><div class=\"btText\" ><\/p>\n<p>The container is automatically emptied and then returned to its starting position. The driver does not have to leave the cabin of the forklift and thus saves time and reduces physical effort. During rapid and complete emptying of the container, the mechanism prevents sudden return to the starting position and eliminates the impact on the lifting platform of the forklift.<\/p>\n<p>\n<\/div><\/div>\n\t\t<\/div><div class=\"tabPane\">\n\t\t\t<div class=\"tabAccordionContent\"><div class=\"btText\" ><\/p>\n<ul>\n<li>Solid steel structure with transverse reinforcements<\/li>\n<li>Sides are made of one piece of sheet of metal with reinforced edges<\/li>\n<li>Standard color: blue container, RAL 5012; red box, RAL 2002<\/li>\n<li>On request: it is possible to make a custom version according to your dimensions and paint is available in all RAL colors<\/li>\n<\/ul>\n<p>\n<\/div><\/div>\n\t\t<\/div><div class=\"tabPane\">\n\t\t\t<div class=\"tabAccordionContent\"><div class=\"btText\" ><\/p>\n<table>\n<thead>\n<tr>\n<th scope=\"col\">Model<\/th>\n<th scope=\"col\">Volume<\/th>\n<th scope=\"col\">Load capacity<\/th>\n<th scope=\"col\">Dimensions<br \/>\n(W \u00d7 L \u00d7 H)<\/th>\n<th scope=\"col\">Fork slots<\/th>\n<th scope=\"col\">Central gap between Fork slots<\/th>\n<th scope=\"col\">Weight<\/th>\n<\/tr>\n<\/thead>\n<tbody>\n<tr>\n<td data-label=\"Model\">SKS 30<\/td>\n<td data-label=\"Volumen\">300 litres<\/td>\n<td data-label=\"Nosivost\">1200 kg<\/td>\n<td data-label=\"Dimenzije (\u0160 \u00d7 D \u00d7 V)\">770 \u00d7 1163 \u00d7 717 mm<\/td>\n<td data-label=\"Utori za vilice\">200 \u00d7 60 mm<\/td>\n<td data-label=\"Centralni razmak izme\u0111u utora za vilice\">460 mm<\/td>\n<td data-label=\"Te\u017eina\">115 kg<\/td>\n<\/tr>\n<tr>\n<td data-label=\"Model\">SKS 50<\/td>\n<td data-label=\"Volumen\">500 litres<\/td>\n<td data-label=\"Nosivost\">2500 kg<\/td>\n<td data-label=\"Dimenzije (\u0160 \u00d7 D \u00d7 V)\">785 \u00d7 1401 \u00d7 930 mm<\/td>\n<td data-label=\"Utori za vilice\">200 \u00d7 60 mm<\/td>\n<td data-label=\"Centralni razmak izme\u0111u utora za vilice\">460 mm<\/td>\n<td data-label=\"Te\u017eina\">155 kg<\/td>\n<\/tr>\n<tr>\n<td data-label=\"Model\">SKS 60<\/td>\n<td data-label=\"Volumen\">600 litres<\/td>\n<td data-label=\"Nosivost\">2500 kg<\/td>\n<td data-label=\"Dimenzije (\u0160 \u00d7 D \u00d7 V)\">1040 \u00d7 1401 \u00d7 930 mm<\/td>\n<td data-label=\"Utori za vilice\">200 \u00d7 60 mm<\/td>\n<td data-label=\"Centralni razmak izme\u0111u utora za vilice\">460 mm<\/td>\n<td data-label=\"Te\u017eina\">160 kg<\/td>\n<\/tr>\n<tr>\n<td data-label=\"Model\">SKS 75<\/td>\n<td data-label=\"Volumen\">750 litres<\/td>\n<td data-label=\"Nosivost\">2500 kg<\/td>\n<td data-label=\"Dimenzije (\u0160 \u00d7 D \u00d7 V)\">1040 \u00d7 1401 \u00d7 930 mm<\/td>\n<td data-label=\"Utori za vilice\">200 \u00d7 60 mm<\/td>\n<td data-label=\"Centralni razmak izme\u0111u utora za vilice\">460mm<\/td>\n<td data-label=\"Te\u017eina\">170 kg<\/td>\n<\/tr>\n<tr>\n<td data-label=\"Model\">SKS 90<\/td>\n<td data-label=\"Volumen\">900 litres<\/td>\n<td data-label=\"Nosivost\">2500 kg<\/td>\n<td data-label=\"Dimenzije (\u0160 \u00d7 D \u00d7 V)\">1300 \u00d7 1401 \u00d7 930mm<\/td>\n<td data-label=\"Utori za vilice\">200 \u00d7 60 mm<\/td>\n<td data-label=\"Centralni razmak izme\u0111u utora za vilice\">600 mm<\/td>\n<td data-label=\"Te\u017eina\">225 kg<\/td>\n<\/tr>\n<tr>\n<td data-label=\"Model\">SKS 100<\/td>\n<td data-label=\"Volumen\">1000 litres<\/td>\n<td data-label=\"Nosivost\">2500 kg<\/td>\n<td data-label=\"Dimenzije (\u0160 \u00d7 D \u00d7 V)\">1430 \u00d7 1401 \u00d7 960mm<\/td>\n<td data-label=\"Utori za vilice\">200 \u00d7 60 mm<\/td>\n<td data-label=\"Centralni razmak izme\u0111u utora za vilice\">600 mm<\/td>\n<td data-label=\"Te\u017eina\">235 kg<\/td>\n<\/tr>\n<tr>\n<td data-label=\"Model\">SKS 120<\/td>\n<td data-label=\"Volumen\">1200 litres<\/td>\n<td data-label=\"Nosivost\">2500 kg<\/td>\n<td data-label=\"Dimenzije (\u0160 \u00d7 D \u00d7 V)\">1685 \u00d7 1401 \u00d7 960mm<\/td>\n<td data-label=\"Utori za vilice\">200 \u00d7 60 mm<\/td>\n<td data-label=\"Centralni razmak izme\u0111u utora za vilice\">600 mm<\/td>\n<td data-label=\"Te\u017eina\">260 kg<\/td>\n<\/tr>\n<tr>\n<td data-label=\"Model\">SKS 150<\/td>\n<td data-label=\"Volumen\">1500 litres<\/td>\n<td data-label=\"Nosivost\">3000 kg<\/td>\n<td data-label=\"Dimenzije (\u0160 \u00d7 D \u00d7 V)\">2075 \u00d7 1401 \u00d7 980mm<\/td>\n<td data-label=\"Utori za vilice\">200 \u00d7 60 mm<\/td>\n<td data-label=\"Centralni razmak izme\u0111u utora za vilice\">800 mm<\/td>\n<td data-label=\"Te\u017eina\">295 kg<\/td>\n<\/tr>\n<tr>\n<td data-label=\"Model\">SKS 170<\/td>\n<td data-label=\"Volumen\">1700 litres<\/td>\n<td data-label=\"Nosivost\">3000 kg<\/td>\n<td data-label=\"Dimenzije (\u0160 \u00d7 D \u00d7 V)\">2330 \u00d7 1401 \u00d7 980mm<\/td>\n<td data-label=\"Utori za vilice\">200 \u00d7 60 mm<\/td>\n<td data-label=\"Centralni razmak izme\u0111u utora za vilice\">800 mm<\/td>\n<td data-label=\"Te\u017eina\">315 kg<\/td>\n<\/tr>\n<tr>\n<td data-label=\"Model\">SKS 200<\/td>\n<td data-label=\"Volumen\">2000 litres<\/td>\n<td data-label=\"Nosivost\">3000 kg<\/td>\n<td data-label=\"Dimenzije (\u0160 \u00d7 D \u00d7 V)\">2220 \u00d7 1401 \u00d7 1135mm<\/td>\n<td data-label=\"Utori za vilice\">200 \u00d7 60 mm<\/td>\n<td data-label=\"Centralni razmak izme\u0111u utora za vilice\">800 mm<\/td>\n<td data-label=\"Te\u017eina\">320 kg<\/td>\n<\/tr>\n<\/tbody>\n<\/table>\n<p>\n<\/div><\/div>\n\t\t<\/div><\/div><\/div><\/div><\/div><\/div><\/div><div class=\"boldRow\" ><div class=\"boldRowInner\"><div class=\"rowItem col-md-12 col-ms-12  btTextLeft\"  data-width=\"12\"><div class=\"rowItemContent\" ><div class=\"btClear btSeparator topSmallSpaced bottomSmallSpaced border\" ><hr><\/div><div class=\"btClear btSeparator bottomSmallSpaced noBorder\" ><hr><\/div><\/div><\/div><\/div><\/div><div class=\"boldRow\" ><div class=\"boldRowInner\"><div class=\"rowItem col-md-12 col-ms-12  btTextLeft\"  data-width=\"12\"><div class=\"rowItemContent\" ><header class=\"header btClear large btDash bottomDash  regular\" ><div class=\"dash\"><h2><span class=\"headline\">Gallery<\/span><\/h2><\/div><\/header><div class=\"tilesWall btGridGallery tiled  btGridGap-10 lightbox\" data-col=\"4\"><div class=\"gridSizer\"><\/div><div class=\"gridItem btGhostSliderThumb bt11\" data-order-num=\"-1\"><div class=\"btTileBox\"><div class=\"bpgPhoto\" > \r\n\t\t\t\t\t<a href=\"https:\/\/bartels-conjar.com\/wp-content\/uploads\/2026\/04\/selbstkipper-mit-seitenschutz.jpg\" class=\"lightbox\" data-title=\"\"><\/a>\r\n\t\t\t\t\t<div class=\"boldPhotoBox\"><div class=\"bpbItem\"><div class = \"btImage\"><img decoding=\"async\" src=\"https:\/\/bartels-conjar.com\/wp-content\/uploads\/2026\/04\/selbstkipper-mit-seitenschutz-640x640.jpg\" alt=\"\" title=\"\"><\/div><\/div><\/div>\r\n\t\t\t\t\t<div class=\"captionPane btDarkSkin btTextCenter\">\r\n\t\t\t\t\t\t<div class=\"captionTable\">\r\n\t\t\t\t\t\t\t<div class=\"captionCell\">\r\n\t\t\t\t\t\t\t\t<div class=\"captionTxt\"><\/div>\r\n\t\t\t\t\t\t\t<\/div>\r\n\t\t\t\t\t\t<\/div>\r\n\t\t\t\t\t<\/div><\/div><\/div><\/div><div class=\"gridItem btGhostSliderThumb bt11\" data-order-num=\"0\"><div class=\"btTileBox\"><div class=\"bpgPhoto\" > \r\n\t\t\t\t\t<a href=\"https:\/\/bartels-conjar.com\/wp-content\/uploads\/2026\/04\/bartels-selbstkipper-mit-seitenschutz-2.jpg\" class=\"lightbox\" data-title=\"\"><\/a>\r\n\t\t\t\t\t<div class=\"boldPhotoBox\"><div class=\"bpbItem\"><div class = \"btImage\"><img decoding=\"async\" src=\"https:\/\/bartels-conjar.com\/wp-content\/uploads\/2026\/04\/bartels-selbstkipper-mit-seitenschutz-2-640x640.jpg\" alt=\"\" title=\"\"><\/div><\/div><\/div>\r\n\t\t\t\t\t<div class=\"captionPane btDarkSkin btTextCenter\">\r\n\t\t\t\t\t\t<div class=\"captionTable\">\r\n\t\t\t\t\t\t\t<div class=\"captionCell\">\r\n\t\t\t\t\t\t\t\t<div class=\"captionTxt\"><\/div>\r\n\t\t\t\t\t\t\t<\/div>\r\n\t\t\t\t\t\t<\/div>\r\n\t\t\t\t\t<\/div><\/div><\/div><\/div><div class=\"gridItem btGhostSliderThumb bt11\" data-order-num=\"1\"><div class=\"btTileBox\"><div class=\"bpgPhoto\" > \r\n\t\t\t\t\t<a href=\"https:\/\/bartels-conjar.com\/wp-content\/uploads\/2026\/04\/bartels-selbstkipper-mit-seitenschutz-4.jpg\" class=\"lightbox\" data-title=\"\"><\/a>\r\n\t\t\t\t\t<div class=\"boldPhotoBox\"><div class=\"bpbItem\"><div class = \"btImage\"><img decoding=\"async\" src=\"https:\/\/bartels-conjar.com\/wp-content\/uploads\/2026\/04\/bartels-selbstkipper-mit-seitenschutz-4-640x640.jpg\" alt=\"\" title=\"\"><\/div><\/div><\/div>\r\n\t\t\t\t\t<div class=\"captionPane btDarkSkin btTextCenter\">\r\n\t\t\t\t\t\t<div class=\"captionTable\">\r\n\t\t\t\t\t\t\t<div class=\"captionCell\">\r\n\t\t\t\t\t\t\t\t<div class=\"captionTxt\"><\/div>\r\n\t\t\t\t\t\t\t<\/div>\r\n\t\t\t\t\t\t<\/div>\r\n\t\t\t\t\t<\/div><\/div><\/div><\/div><div class=\"gridItem btGhostSliderThumb bt11\" data-order-num=\"2\"><div class=\"btTileBox\"><div class=\"bpgPhoto\" > \r\n\t\t\t\t\t<a href=\"https:\/\/bartels-conjar.com\/wp-content\/uploads\/2026\/04\/bartels-selbstkipper-mit-seitenschutz-3.jpg\" class=\"lightbox\" data-title=\"\"><\/a>\r\n\t\t\t\t\t<div class=\"boldPhotoBox\"><div class=\"bpbItem\"><div class = \"btImage\"><img decoding=\"async\" src=\"https:\/\/bartels-conjar.com\/wp-content\/uploads\/2026\/04\/bartels-selbstkipper-mit-seitenschutz-3-640x640.jpg\" alt=\"\" title=\"\"><\/div><\/div><\/div>\r\n\t\t\t\t\t<div class=\"captionPane btDarkSkin btTextCenter\">\r\n\t\t\t\t\t\t<div class=\"captionTable\">\r\n\t\t\t\t\t\t\t<div class=\"captionCell\">\r\n\t\t\t\t\t\t\t\t<div class=\"captionTxt\"><\/div>\r\n\t\t\t\t\t\t\t<\/div>\r\n\t\t\t\t\t\t<\/div>\r\n\t\t\t\t\t<\/div><\/div><\/div><\/div><div class=\"gridItem btGhostSliderThumb bt11\" data-order-num=\"3\"><div class=\"btTileBox\"><div class=\"bpgPhoto\" > \r\n\t\t\t\t\t<a href=\"https:\/\/bartels-conjar.com\/wp-content\/uploads\/2026\/04\/selbstkipper-mit-seitenschutz-3.jpg\" class=\"lightbox\" data-title=\"\"><\/a>\r\n\t\t\t\t\t<div class=\"boldPhotoBox\"><div class=\"bpbItem\"><div class = \"btImage\"><img decoding=\"async\" src=\"https:\/\/bartels-conjar.com\/wp-content\/uploads\/2026\/04\/selbstkipper-mit-seitenschutz-3-640x640.jpg\" alt=\"\" title=\"\"><\/div><\/div><\/div>\r\n\t\t\t\t\t<div class=\"captionPane btDarkSkin btTextCenter\">\r\n\t\t\t\t\t\t<div class=\"captionTable\">\r\n\t\t\t\t\t\t\t<div class=\"captionCell\">\r\n\t\t\t\t\t\t\t\t<div class=\"captionTxt\"><\/div>\r\n\t\t\t\t\t\t\t<\/div>\r\n\t\t\t\t\t\t<\/div>\r\n\t\t\t\t\t<\/div><\/div><\/div><\/div><div class=\"gridItem btGhostSliderThumb bt11\" data-order-num=\"4\"><div class=\"btTileBox\"><div class=\"bpgPhoto\" > \r\n\t\t\t\t\t<a href=\"https:\/\/bartels-conjar.com\/wp-content\/uploads\/2026\/04\/selbstkipper-mit-seitenschutz-2.jpg\" class=\"lightbox\" data-title=\"\"><\/a>\r\n\t\t\t\t\t<div class=\"boldPhotoBox\"><div class=\"bpbItem\"><div class = \"btImage\"><img decoding=\"async\" src=\"https:\/\/bartels-conjar.com\/wp-content\/uploads\/2026\/04\/selbstkipper-mit-seitenschutz-2-640x640.jpg\" alt=\"\" title=\"\"><\/div><\/div><\/div>\r\n\t\t\t\t\t<div class=\"captionPane btDarkSkin btTextCenter\">\r\n\t\t\t\t\t\t<div class=\"captionTable\">\r\n\t\t\t\t\t\t\t<div class=\"captionCell\">\r\n\t\t\t\t\t\t\t\t<div class=\"captionTxt\"><\/div>\r\n\t\t\t\t\t\t\t<\/div>\r\n\t\t\t\t\t\t<\/div>\r\n\t\t\t\t\t<\/div><\/div><\/div><\/div><\/div><\/div><\/div><\/div><\/div><div class=\"boldRow\" ><div class=\"boldRowInner\"><div class=\"rowItem col-md-12 col-ms-12  btTextLeft\"  data-width=\"12\"><div class=\"rowItemContent\" ><div class=\"btClear btSeparator topSmallSpaced noBorder\" ><hr><\/div><header class=\"header btClear medium btDash bottomDash  regular\" ><div class=\"dash\"><h3><span class=\"headline\">Special designs of self-tipping container<\/span><\/h3><\/div><\/header><div class=\"btClear btSeparator bottomSmallSpaced noBorder\" ><hr><\/div><\/div><\/div><\/div><\/div><\/div><\/div><\/div><\/section>","protected":false},"excerpt":{"rendered":"","protected":false},"author":1,"featured_media":6281,"parent":0,"menu_order":0,"comment_status":"closed","ping_status":"closed","template":"","meta":{"footnotes":""},"class_list":["post-3690","page","type-page","status-publish","has-post-thumbnail","hentry"],"yoast_head":"<!-- This site is optimized with the Yoast SEO plugin v26.9 - https:\/\/yoast.com\/product\/yoast-seo-wordpress\/ -->\n<title>Samokipaju\u0107i kontejner s bo\u010dnim \u0161titnikom - Bartels Conjar<\/title>\n<meta name=\"robots\" content=\"index, follow, max-snippet:-1, max-image-preview:large, max-video-preview:-1\" \/>\n<link rel=\"canonical\" href=\"https:\/\/bartels-conjar.com\/en\/samokipajuci-kontejner-s-bocnim-stitnikom\/\" \/>\n<meta property=\"og:locale\" content=\"en_US\" \/>\n<meta property=\"og:type\" content=\"article\" \/>\n<meta property=\"og:title\" content=\"Samokipaju\u0107i kontejner s bo\u010dnim \u0161titnikom - Bartels Conjar\" \/>\n<meta property=\"og:url\" content=\"https:\/\/bartels-conjar.com\/en\/samokipajuci-kontejner-s-bocnim-stitnikom\/\" \/>\n<meta property=\"og:site_name\" content=\"Bartels Conjar\" \/>\n<meta property=\"article:publisher\" content=\"https:\/\/www.facebook.com\/BartelsConjar\/\" \/>\n<meta property=\"article:modified_time\" content=\"2026-04-09T09:51:20+00:00\" \/>\n<meta property=\"og:image\" content=\"https:\/\/bartels-conjar.com\/wp-content\/uploads\/2026\/04\/selbstkipper-mit-seitenschutz-2-640x640-1.jpg\" \/>\n\t<meta property=\"og:image:width\" content=\"640\" \/>\n\t<meta property=\"og:image:height\" content=\"640\" \/>\n\t<meta property=\"og:image:type\" content=\"image\/jpeg\" \/>\n<meta name=\"twitter:card\" content=\"summary_large_image\" \/>\n<meta name=\"twitter:label1\" content=\"Est. reading time\" \/>\n\t<meta name=\"twitter:data1\" content=\"4 minutes\" \/>\n<script type=\"application\/ld+json\" class=\"yoast-schema-graph\">{\"@context\":\"https:\/\/schema.org\",\"@graph\":[{\"@type\":\"WebPage\",\"@id\":\"https:\/\/bartels-conjar.com\/samokipajuci-kontejner-s-bocnim-stitnikom\/\",\"url\":\"https:\/\/bartels-conjar.com\/samokipajuci-kontejner-s-bocnim-stitnikom\/\",\"name\":\"Samokipaju\u0107i kontejner s bo\u010dnim \u0161titnikom - Bartels Conjar\",\"isPartOf\":{\"@id\":\"https:\/\/bartels-conjar.com\/#website\"},\"primaryImageOfPage\":{\"@id\":\"https:\/\/bartels-conjar.com\/samokipajuci-kontejner-s-bocnim-stitnikom\/#primaryimage\"},\"image\":{\"@id\":\"https:\/\/bartels-conjar.com\/samokipajuci-kontejner-s-bocnim-stitnikom\/#primaryimage\"},\"thumbnailUrl\":\"https:\/\/bartels-conjar.com\/wp-content\/uploads\/2026\/04\/selbstkipper-mit-seitenschutz-2-640x640-1.jpg\",\"datePublished\":\"2022-06-13T07:24:53+00:00\",\"dateModified\":\"2026-04-09T09:51:20+00:00\",\"breadcrumb\":{\"@id\":\"https:\/\/bartels-conjar.com\/samokipajuci-kontejner-s-bocnim-stitnikom\/#breadcrumb\"},\"inLanguage\":\"en-US\",\"potentialAction\":[{\"@type\":\"ReadAction\",\"target\":[\"https:\/\/bartels-conjar.com\/samokipajuci-kontejner-s-bocnim-stitnikom\/\"]}]},{\"@type\":\"ImageObject\",\"inLanguage\":\"en-US\",\"@id\":\"https:\/\/bartels-conjar.com\/samokipajuci-kontejner-s-bocnim-stitnikom\/#primaryimage\",\"url\":\"https:\/\/bartels-conjar.com\/wp-content\/uploads\/2026\/04\/selbstkipper-mit-seitenschutz-2-640x640-1.jpg\",\"contentUrl\":\"https:\/\/bartels-conjar.com\/wp-content\/uploads\/2026\/04\/selbstkipper-mit-seitenschutz-2-640x640-1.jpg\",\"width\":640,\"height\":640},{\"@type\":\"BreadcrumbList\",\"@id\":\"https:\/\/bartels-conjar.com\/samokipajuci-kontejner-s-bocnim-stitnikom\/#breadcrumb\",\"itemListElement\":[{\"@type\":\"ListItem\",\"position\":1,\"name\":\"Po\u010detna stranica\",\"item\":\"https:\/\/bartels-conjar.com\/\"},{\"@type\":\"ListItem\",\"position\":2,\"name\":\"Samokipaju\u0107i kontejner s bo\u010dnim \u0161titnikom\"}]},{\"@type\":\"WebSite\",\"@id\":\"https:\/\/bartels-conjar.com\/#website\",\"url\":\"https:\/\/bartels-conjar.com\/\",\"name\":\"Bartels Conjar\",\"description\":\"Profesionalac za Va\u0161e skladi\u0161te\",\"publisher\":{\"@id\":\"https:\/\/bartels-conjar.com\/#organization\"},\"potentialAction\":[{\"@type\":\"SearchAction\",\"target\":{\"@type\":\"EntryPoint\",\"urlTemplate\":\"https:\/\/bartels-conjar.com\/?s={search_term_string}\"},\"query-input\":{\"@type\":\"PropertyValueSpecification\",\"valueRequired\":true,\"valueName\":\"search_term_string\"}}],\"inLanguage\":\"en-US\"},{\"@type\":\"Organization\",\"@id\":\"https:\/\/bartels-conjar.com\/#organization\",\"name\":\"Bartels Conjar\",\"url\":\"https:\/\/bartels-conjar.com\/\",\"logo\":{\"@type\":\"ImageObject\",\"inLanguage\":\"en-US\",\"@id\":\"https:\/\/bartels-conjar.com\/#\/schema\/logo\/image\/\",\"url\":\"https:\/\/bartels-conjar.com\/wp-content\/uploads\/2022\/05\/bartels-logo-web.png\",\"contentUrl\":\"https:\/\/bartels-conjar.com\/wp-content\/uploads\/2022\/05\/bartels-logo-web.png\",\"width\":660,\"height\":200,\"caption\":\"Bartels Conjar\"},\"image\":{\"@id\":\"https:\/\/bartels-conjar.com\/#\/schema\/logo\/image\/\"},\"sameAs\":[\"https:\/\/www.facebook.com\/BartelsConjar\/\"]}]}<\/script>\n<!-- \/ Yoast SEO plugin. -->","yoast_head_json":{"title":"Samokipaju\u0107i kontejner s bo\u010dnim \u0161titnikom - Bartels Conjar","robots":{"index":"index","follow":"follow","max-snippet":"max-snippet:-1","max-image-preview":"max-image-preview:large","max-video-preview":"max-video-preview:-1"},"canonical":"https:\/\/bartels-conjar.com\/en\/samokipajuci-kontejner-s-bocnim-stitnikom\/","og_locale":"en_US","og_type":"article","og_title":"Samokipaju\u0107i kontejner s bo\u010dnim \u0161titnikom - Bartels Conjar","og_url":"https:\/\/bartels-conjar.com\/en\/samokipajuci-kontejner-s-bocnim-stitnikom\/","og_site_name":"Bartels Conjar","article_publisher":"https:\/\/www.facebook.com\/BartelsConjar\/","article_modified_time":"2026-04-09T09:51:20+00:00","og_image":[{"width":640,"height":640,"url":"https:\/\/bartels-conjar.com\/wp-content\/uploads\/2026\/04\/selbstkipper-mit-seitenschutz-2-640x640-1.jpg","type":"image\/jpeg"}],"twitter_card":"summary_large_image","twitter_misc":{"Est. reading time":"4 minutes"},"schema":{"@context":"https:\/\/schema.org","@graph":[{"@type":"WebPage","@id":"https:\/\/bartels-conjar.com\/samokipajuci-kontejner-s-bocnim-stitnikom\/","url":"https:\/\/bartels-conjar.com\/samokipajuci-kontejner-s-bocnim-stitnikom\/","name":"Samokipaju\u0107i kontejner s bo\u010dnim \u0161titnikom - Bartels Conjar","isPartOf":{"@id":"https:\/\/bartels-conjar.com\/#website"},"primaryImageOfPage":{"@id":"https:\/\/bartels-conjar.com\/samokipajuci-kontejner-s-bocnim-stitnikom\/#primaryimage"},"image":{"@id":"https:\/\/bartels-conjar.com\/samokipajuci-kontejner-s-bocnim-stitnikom\/#primaryimage"},"thumbnailUrl":"https:\/\/bartels-conjar.com\/wp-content\/uploads\/2026\/04\/selbstkipper-mit-seitenschutz-2-640x640-1.jpg","datePublished":"2022-06-13T07:24:53+00:00","dateModified":"2026-04-09T09:51:20+00:00","breadcrumb":{"@id":"https:\/\/bartels-conjar.com\/samokipajuci-kontejner-s-bocnim-stitnikom\/#breadcrumb"},"inLanguage":"en-US","potentialAction":[{"@type":"ReadAction","target":["https:\/\/bartels-conjar.com\/samokipajuci-kontejner-s-bocnim-stitnikom\/"]}]},{"@type":"ImageObject","inLanguage":"en-US","@id":"https:\/\/bartels-conjar.com\/samokipajuci-kontejner-s-bocnim-stitnikom\/#primaryimage","url":"https:\/\/bartels-conjar.com\/wp-content\/uploads\/2026\/04\/selbstkipper-mit-seitenschutz-2-640x640-1.jpg","contentUrl":"https:\/\/bartels-conjar.com\/wp-content\/uploads\/2026\/04\/selbstkipper-mit-seitenschutz-2-640x640-1.jpg","width":640,"height":640},{"@type":"BreadcrumbList","@id":"https:\/\/bartels-conjar.com\/samokipajuci-kontejner-s-bocnim-stitnikom\/#breadcrumb","itemListElement":[{"@type":"ListItem","position":1,"name":"Po\u010detna stranica","item":"https:\/\/bartels-conjar.com\/"},{"@type":"ListItem","position":2,"name":"Samokipaju\u0107i kontejner s bo\u010dnim \u0161titnikom"}]},{"@type":"WebSite","@id":"https:\/\/bartels-conjar.com\/#website","url":"https:\/\/bartels-conjar.com\/","name":"Bartels Conjar","description":"Profesionalac za Va\u0161e skladi\u0161te","publisher":{"@id":"https:\/\/bartels-conjar.com\/#organization"},"potentialAction":[{"@type":"SearchAction","target":{"@type":"EntryPoint","urlTemplate":"https:\/\/bartels-conjar.com\/?s={search_term_string}"},"query-input":{"@type":"PropertyValueSpecification","valueRequired":true,"valueName":"search_term_string"}}],"inLanguage":"en-US"},{"@type":"Organization","@id":"https:\/\/bartels-conjar.com\/#organization","name":"Bartels Conjar","url":"https:\/\/bartels-conjar.com\/","logo":{"@type":"ImageObject","inLanguage":"en-US","@id":"https:\/\/bartels-conjar.com\/#\/schema\/logo\/image\/","url":"https:\/\/bartels-conjar.com\/wp-content\/uploads\/2022\/05\/bartels-logo-web.png","contentUrl":"https:\/\/bartels-conjar.com\/wp-content\/uploads\/2022\/05\/bartels-logo-web.png","width":660,"height":200,"caption":"Bartels Conjar"},"image":{"@id":"https:\/\/bartels-conjar.com\/#\/schema\/logo\/image\/"},"sameAs":["https:\/\/www.facebook.com\/BartelsConjar\/"]}]}},"_links":{"self":[{"href":"https:\/\/bartels-conjar.com\/en\/wp-json\/wp\/v2\/pages\/3690","targetHints":{"allow":["GET"]}}],"collection":[{"href":"https:\/\/bartels-conjar.com\/en\/wp-json\/wp\/v2\/pages"}],"about":[{"href":"https:\/\/bartels-conjar.com\/en\/wp-json\/wp\/v2\/types\/page"}],"author":[{"embeddable":true,"href":"https:\/\/bartels-conjar.com\/en\/wp-json\/wp\/v2\/users\/1"}],"replies":[{"embeddable":true,"href":"https:\/\/bartels-conjar.com\/en\/wp-json\/wp\/v2\/comments?post=3690"}],"version-history":[{"count":10,"href":"https:\/\/bartels-conjar.com\/en\/wp-json\/wp\/v2\/pages\/3690\/revisions"}],"predecessor-version":[{"id":6278,"href":"https:\/\/bartels-conjar.com\/en\/wp-json\/wp\/v2\/pages\/3690\/revisions\/6278"}],"wp:featuredmedia":[{"embeddable":true,"href":"https:\/\/bartels-conjar.com\/en\/wp-json\/wp\/v2\/media\/6281"}],"wp:attachment":[{"href":"https:\/\/bartels-conjar.com\/en\/wp-json\/wp\/v2\/media?parent=3690"}],"curies":[{"name":"wp","href":"https:\/\/api.w.org\/{rel}","templated":true}]}}